{"id":537,"date":"2026-01-15T14:29:30","date_gmt":"2026-01-15T20:29:30","guid":{"rendered":"https:\/\/canchammx.playaprojects.com\/?page_id=537"},"modified":"2026-01-21T12:41:50","modified_gmt":"2026-01-21T18:41:50","slug":"comites","status":"publish","type":"page","link":"https:\/\/canchammx.com\/fr\/comites\/","title":{"rendered":"Comit\u00e9s"},"content":{"rendered":"<div data-elementor-type=\"wp-page\" data-elementor-id=\"537\" class=\"elementor elementor-537\">\n\t\t\t\t<div class=\"elementor-element elementor-element-8c84b03 e-con-full e-flex e-con e-parent\" data-id=\"8c84b03\" data-element_type=\"container\" data-e-type=\"container\" data-settings=\"{&quot;background_background&quot;:&quot;classic&quot;}\">\n\t\t<div class=\"elementor-element elementor-element-3bc9f90 e-flex e-con-boxed e-con e-child\" data-id=\"3bc9f90\" data-element_type=\"container\" data-e-type=\"container\">\n\t\t\t\t\t<div class=\"e-con-inner\">\n\t\t\t\t<div class=\"elementor-element elementor-element-3768db0 elementor-widget elementor-widget-heading\" data-id=\"3768db0\" data-element_type=\"widget\" data-e-type=\"widget\" data-widget_type=\"heading.default\">\n\t\t\t\t\t<h2 class=\"elementor-heading-title elementor-size-default\">Comit\u00e9s<\/h2>\t\t\t\t<\/div>\n\t\t\t\t<div class=\"elementor-element elementor-element-3f12fa6 elementor-widget elementor-widget-html\" data-id=\"3f12fa6\" data-element_type=\"widget\" data-e-type=\"widget\" data-widget_type=\"html.default\">\n\t\t\t\t\t<div class=\"title-shape\"><\/div>\t\t\t\t<\/div>\n\t\t\t\t\t<\/div>\n\t\t\t\t<\/div>\n\t\t\t\t<\/div>\n\t\t<div class=\"elementor-element elementor-element-92170f6 e-con-full e-flex e-con e-parent\" data-id=\"92170f6\" data-element_type=\"container\" data-e-type=\"container\">\n\t\t<div class=\"elementor-element elementor-element-7b90c9c e-flex e-con-boxed e-con e-child\" data-id=\"7b90c9c\" data-element_type=\"container\" data-e-type=\"container\">\n\t\t\t\t\t<div class=\"e-con-inner\">\n\t\t\t\t<div class=\"elementor-element elementor-element-8c79c4c elementor-widget elementor-widget-shortcode\" data-id=\"8c79c4c\" data-element_type=\"widget\" data-e-type=\"widget\" data-widget_type=\"shortcode.default\">\n\t\t\t\t\t\t\t<div class=\"elementor-shortcode\">    \n        <div class=\"container-fluid\">\n            <div class=\"row comitesHome\">\n\n                                \n                    <div class=\"col-lg-4 col-xxl-3 mb-4\">\n                        <div class=\"postCont\">\n\n                            <a href=\"https:\/\/canchammx.com\/fr\/comite-de-tecnologias-y-productos-financieros\/\">\n                                <img fetchpriority=\"high\" decoding=\"async\" width=\"701\" height=\"701\" src=\"https:\/\/canchammx.com\/wp-content\/uploads\/Comites_miniaturas_web-09.jpg\" class=\"img-fluid postImg wp-post-image\" alt=\"\" srcset=\"https:\/\/canchammx.com\/wp-content\/uploads\/Comites_miniaturas_web-09.jpg 701w, https:\/\/canchammx.com\/wp-content\/uploads\/Comites_miniaturas_web-09-12x12.jpg 12w\" sizes=\"(max-width: 701px) 100vw, 701px\" \/>                            <\/a>\n\n                            <p class=\"title mt-2\">\n                                <a href=\"https:\/\/canchammx.com\/fr\/comite-de-tecnologias-y-productos-financieros\/\">\n                                    Comit\u00e9 des technologies et des produits financiers                                <\/a>\n                            <\/p>\n\n                            <p class=\"excerpt\">\n                                Comit\u00e9 des produits et technologies financi\u00e8res Le but du comit\u00e9 est de servir d'instance...                            <\/p>\n\n                            <a href=\"https:\/\/canchammx.com\/fr\/comite-de-tecnologias-y-productos-financieros\/\" class=\"postButton\">\n                                Lire la suite\n                            <\/a>\n\n                        <\/div>\n                    <\/div>\n\n                                \n                    <div class=\"col-lg-4 col-xxl-3 mb-4\">\n                        <div class=\"postCont\">\n\n                            <a href=\"https:\/\/canchammx.com\/fr\/legal-fiscal\/\">\n                                <img decoding=\"async\" width=\"701\" height=\"701\" src=\"https:\/\/canchammx.com\/wp-content\/uploads\/Comites_miniaturas_web-02.jpg\" class=\"img-fluid postImg wp-post-image\" alt=\"\" srcset=\"https:\/\/canchammx.com\/wp-content\/uploads\/Comites_miniaturas_web-02.jpg 701w, https:\/\/canchammx.com\/wp-content\/uploads\/Comites_miniaturas_web-02-12x12.jpg 12w\" sizes=\"(max-width: 701px) 100vw, 701px\" \/>                            <\/a>\n\n                            <p class=\"title mt-2\">\n                                <a href=\"https:\/\/canchammx.com\/fr\/legal-fiscal\/\">\n                                    Juridique et fiscal                                <\/a>\n                            <\/p>\n\n                            <p class=\"excerpt\">\n                                Juridique-Fiscal Diffuse des informations li\u00e9es aux questions juridiques et fiscales, en se concentrant sur les questions qui affectent...                            <\/p>\n\n                            <a href=\"https:\/\/canchammx.com\/fr\/legal-fiscal\/\" class=\"postButton\">\n                                Lire la suite\n                            <\/a>\n\n                        <\/div>\n                    <\/div>\n\n                                \n                    <div class=\"col-lg-4 col-xxl-3 mb-4\">\n                        <div class=\"postCont\">\n\n                            <a href=\"https:\/\/canchammx.com\/fr\/comite-de-energia\/\">\n                                <img decoding=\"async\" width=\"701\" height=\"701\" src=\"https:\/\/canchammx.com\/wp-content\/uploads\/Comites_miniaturas_web-05.jpg\" class=\"img-fluid postImg wp-post-image\" alt=\"\" srcset=\"https:\/\/canchammx.com\/wp-content\/uploads\/Comites_miniaturas_web-05.jpg 701w, https:\/\/canchammx.com\/wp-content\/uploads\/Comites_miniaturas_web-05-12x12.jpg 12w\" sizes=\"(max-width: 701px) 100vw, 701px\" \/>                            <\/a>\n\n                            <p class=\"title mt-2\">\n                                <a href=\"https:\/\/canchammx.com\/fr\/comite-de-energia\/\">\n                                    Comit\u00e9 de l\u2019\u00e9nergie                                <\/a>\n                            <\/p>\n\n                            <p class=\"excerpt\">\n                                Objectif du Comit\u00e9 de l'\u00e9nergie\u00a0:\u00a0Promouvoir les avantages des investissements canadiens dans le secteur \u00e9nerg\u00e9tique mexicain Position...                            <\/p>\n\n                            <a href=\"https:\/\/canchammx.com\/fr\/comite-de-energia\/\" class=\"postButton\">\n                                Lire la suite\n                            <\/a>\n\n                        <\/div>\n                    <\/div>\n\n                                \n                    <div class=\"col-lg-4 col-xxl-3 mb-4\">\n                        <div class=\"postCont\">\n\n                            <a href=\"https:\/\/canchammx.com\/fr\/comision-de-mineria\/\">\n                                <img loading=\"lazy\" decoding=\"async\" width=\"701\" height=\"701\" src=\"https:\/\/canchammx.com\/wp-content\/uploads\/Comites_miniaturas_web-04.jpg\" class=\"img-fluid postImg wp-post-image\" alt=\"\" srcset=\"https:\/\/canchammx.com\/wp-content\/uploads\/Comites_miniaturas_web-04.jpg 701w, https:\/\/canchammx.com\/wp-content\/uploads\/Comites_miniaturas_web-04-12x12.jpg 12w\" sizes=\"(max-width: 701px) 100vw, 701px\" \/>                            <\/a>\n\n                            <p class=\"title mt-2\">\n                                <a href=\"https:\/\/canchammx.com\/fr\/comision-de-mineria\/\">\n                                    Commission des mines                                <\/a>\n                            <\/p>\n\n                            <p class=\"excerpt\">\n                                Objectifs de la Commission mini\u00e8re : 1. Promouvoir et soutenir les int\u00e9r\u00eats des soci\u00e9t\u00e9s mini\u00e8res canadiennes qui...                            <\/p>\n\n                            <a href=\"https:\/\/canchammx.com\/fr\/comision-de-mineria\/\" class=\"postButton\">\n                                Lire la suite\n                            <\/a>\n\n                        <\/div>\n                    <\/div>\n\n                                \n                    <div class=\"col-lg-4 col-xxl-3 mb-4\">\n                        <div class=\"postCont\">\n\n                            <a href=\"https:\/\/canchammx.com\/fr\/comite-de-comercio-internacional\/\">\n                                <img loading=\"lazy\" decoding=\"async\" width=\"701\" height=\"701\" src=\"https:\/\/canchammx.com\/wp-content\/uploads\/Comites_miniaturas_web-01.jpg\" class=\"img-fluid postImg wp-post-image\" alt=\"\" srcset=\"https:\/\/canchammx.com\/wp-content\/uploads\/Comites_miniaturas_web-01.jpg 701w, https:\/\/canchammx.com\/wp-content\/uploads\/Comites_miniaturas_web-01-12x12.jpg 12w\" sizes=\"(max-width: 701px) 100vw, 701px\" \/>                            <\/a>\n\n                            <p class=\"title mt-2\">\n                                <a href=\"https:\/\/canchammx.com\/fr\/comite-de-comercio-internacional\/\">\n                                    Comit\u00e9 du commerce international                                <\/a>\n                            <\/p>\n\n                            <p class=\"excerpt\">\n                                Comit\u00e9 du commerce international Ce comit\u00e9 fait la promotion des avantages du commerce international entre le Canada et...                            <\/p>\n\n                            <a href=\"https:\/\/canchammx.com\/fr\/comite-de-comercio-internacional\/\" class=\"postButton\">\n                                Lire la suite\n                            <\/a>\n\n                        <\/div>\n                    <\/div>\n\n                                \n                    <div class=\"col-lg-4 col-xxl-3 mb-4\">\n                        <div class=\"postCont\">\n\n                            <a href=\"https:\/\/canchammx.com\/fr\/comite-de-risk-management\/\">\n                                <img loading=\"lazy\" decoding=\"async\" width=\"701\" height=\"701\" src=\"https:\/\/canchammx.com\/wp-content\/uploads\/Comites_miniaturas_web-11.jpg\" class=\"img-fluid postImg wp-post-image\" alt=\"\" srcset=\"https:\/\/canchammx.com\/wp-content\/uploads\/Comites_miniaturas_web-11.jpg 701w, https:\/\/canchammx.com\/wp-content\/uploads\/Comites_miniaturas_web-11-12x12.jpg 12w\" sizes=\"(max-width: 701px) 100vw, 701px\" \/>                            <\/a>\n\n                            <p class=\"title mt-2\">\n                                <a href=\"https:\/\/canchammx.com\/fr\/comite-de-risk-management\/\">\n                                    Comit\u00e9 de gestion des risques                                <\/a>\n                            <\/p>\n\n                            <p class=\"excerpt\">\n                                Comit\u00e9 de gestion des risques Fournit des informations sur la gestion des risques de s\u00e9curit\u00e9, pertinentes pour...                            <\/p>\n\n                            <a href=\"https:\/\/canchammx.com\/fr\/comite-de-risk-management\/\" class=\"postButton\">\n                                Lire la suite\n                            <\/a>\n\n                        <\/div>\n                    <\/div>\n\n                                \n                    <div class=\"col-lg-4 col-xxl-3 mb-4\">\n                        <div class=\"postCont\">\n\n                            <a href=\"https:\/\/canchammx.com\/fr\/comite-de-educacion\/\">\n                                <img loading=\"lazy\" decoding=\"async\" width=\"701\" height=\"701\" src=\"https:\/\/canchammx.com\/wp-content\/uploads\/Comites_miniaturas_web-10.jpg\" class=\"img-fluid postImg wp-post-image\" alt=\"\" srcset=\"https:\/\/canchammx.com\/wp-content\/uploads\/Comites_miniaturas_web-10.jpg 701w, https:\/\/canchammx.com\/wp-content\/uploads\/Comites_miniaturas_web-10-12x12.jpg 12w\" sizes=\"(max-width: 701px) 100vw, 701px\" \/>                            <\/a>\n\n                            <p class=\"title mt-2\">\n                                <a href=\"https:\/\/canchammx.com\/fr\/comite-de-educacion\/\">\n                                    Comit\u00e9 de l\u2019\u00e9ducation                                <\/a>\n                            <\/p>\n\n                            <p class=\"excerpt\">\n                                Comit\u00e9 d'\u00e9ducation Promouvoir et encourager l'\u00e9ducation dans le cadre de la relation Mexique-Canada,...                            <\/p>\n\n                            <a href=\"https:\/\/canchammx.com\/fr\/comite-de-educacion\/\" class=\"postButton\">\n                                Lire la suite\n                            <\/a>\n\n                        <\/div>\n                    <\/div>\n\n                                \n                    <div class=\"col-lg-4 col-xxl-3 mb-4\">\n                        <div class=\"postCont\">\n\n                            <a href=\"https:\/\/canchammx.com\/fr\/comite-inclusion-y-mujeres-haciendo-negocios\/\">\n                                <img loading=\"lazy\" decoding=\"async\" width=\"701\" height=\"701\" src=\"https:\/\/canchammx.com\/wp-content\/uploads\/Comites_miniaturas_web-06-1.jpg\" class=\"img-fluid postImg wp-post-image\" alt=\"\" srcset=\"https:\/\/canchammx.com\/wp-content\/uploads\/Comites_miniaturas_web-06-1.jpg 701w, https:\/\/canchammx.com\/wp-content\/uploads\/Comites_miniaturas_web-06-1-12x12.jpg 12w\" sizes=\"(max-width: 701px) 100vw, 701px\" \/>                            <\/a>\n\n                            <p class=\"title mt-2\">\n                                <a href=\"https:\/\/canchammx.com\/fr\/comite-inclusion-y-mujeres-haciendo-negocios\/\">\n                                    Comit\u00e9 Diversidad, Equidad e Inclusi\u00f3n                                <\/a>\n                            <\/p>\n\n                            <p class=\"excerpt\">\n                                Comit\u00e9 d'inclusion et femmes d'affaires Ce comit\u00e9 vise \u00e0 accro\u00eetre les opportunit\u00e9s d'affaires entre le Mexique...                            <\/p>\n\n                            <a href=\"https:\/\/canchammx.com\/fr\/comite-inclusion-y-mujeres-haciendo-negocios\/\" class=\"postButton\">\n                                Lire la suite\n                            <\/a>\n\n                        <\/div>\n                    <\/div>\n\n                                \n                    <div class=\"col-lg-4 col-xxl-3 mb-4\">\n                        <div class=\"postCont\">\n\n                            <a href=\"https:\/\/canchammx.com\/fr\/comite-de-manufactura\/\">\n                                <img loading=\"lazy\" decoding=\"async\" width=\"701\" height=\"701\" src=\"https:\/\/canchammx.com\/wp-content\/uploads\/Comites_miniaturas_web-03.jpg\" class=\"img-fluid postImg wp-post-image\" alt=\"\" srcset=\"https:\/\/canchammx.com\/wp-content\/uploads\/Comites_miniaturas_web-03.jpg 701w, https:\/\/canchammx.com\/wp-content\/uploads\/Comites_miniaturas_web-03-12x12.jpg 12w\" sizes=\"(max-width: 701px) 100vw, 701px\" \/>                            <\/a>\n\n                            <p class=\"title mt-2\">\n                                <a href=\"https:\/\/canchammx.com\/fr\/comite-de-manufactura\/\">\n                                    Comit\u00e9 de la fabrication                                <\/a>\n                            <\/p>\n\n                            <p class=\"excerpt\">\n                                De la g\u00e9n\u00e9ration X \u00e0 l'Alpha\u00a0: la deuxi\u00e8me r\u00e9volution des passeports Fournir un support...                            <\/p>\n\n                            <a href=\"https:\/\/canchammx.com\/fr\/comite-de-manufactura\/\" class=\"postButton\">\n                                Lire la suite\n                            <\/a>\n\n                        <\/div>\n                    <\/div>\n\n                                \n                    <div class=\"col-lg-4 col-xxl-3 mb-4\">\n                        <div class=\"postCont\">\n\n                            <a href=\"https:\/\/canchammx.com\/fr\/subcomite-de-agronegocios\/\">\n                                <img loading=\"lazy\" decoding=\"async\" width=\"701\" height=\"701\" src=\"https:\/\/canchammx.com\/wp-content\/uploads\/Comites_miniaturas_web-07.jpg\" class=\"img-fluid postImg wp-post-image\" alt=\"\" srcset=\"https:\/\/canchammx.com\/wp-content\/uploads\/Comites_miniaturas_web-07.jpg 701w, https:\/\/canchammx.com\/wp-content\/uploads\/Comites_miniaturas_web-07-12x12.jpg 12w\" sizes=\"(max-width: 701px) 100vw, 701px\" \/>                            <\/a>\n\n                            <p class=\"title mt-2\">\n                                <a href=\"https:\/\/canchammx.com\/fr\/subcomite-de-agronegocios\/\">\n                                    Comit\u00e9 de Capital Humano e Innovaci\u00f3n                                <\/a>\n                            <\/p>\n\n                            <p class=\"excerpt\">\n                                Sous-comit\u00e9 de l'agro-industrie Le but de ce comit\u00e9 est d'identifier, de renforcer et de d\u00e9velopper \u00e0 la fois...                            <\/p>\n\n                            <a href=\"https:\/\/canchammx.com\/fr\/subcomite-de-agronegocios\/\" class=\"postButton\">\n                                Lire la suite\n                            <\/a>\n\n                        <\/div>\n                    <\/div>\n\n                            \n            <\/div>\n        <\/div>\n\n    \n<\/div>\n\t\t\t\t\t\t<\/div>\n\t\t\t\t\t<\/div>\n\t\t\t\t<\/div>\n\t\t\t\t<\/div>\n\t\t\t\t<\/div>","protected":false},"excerpt":{"rendered":"<p>Comit\u00e9s<\/p>","protected":false},"author":1,"featured_media":0,"parent":0,"menu_order":0,"comment_status":"closed","ping_status":"closed","template":"","meta":{"footnotes":""},"class_list":["post-537","page","type-page","status-publish","hentry"],"_links":{"self":[{"href":"https:\/\/canchammx.com\/fr\/wp-json\/wp\/v2\/pages\/537","targetHints":{"allow":["GET"]}}],"collection":[{"href":"https:\/\/canchammx.com\/fr\/wp-json\/wp\/v2\/pages"}],"about":[{"href":"https:\/\/canchammx.com\/fr\/wp-json\/wp\/v2\/types\/page"}],"author":[{"embeddable":true,"href":"https:\/\/canchammx.com\/fr\/wp-json\/wp\/v2\/users\/1"}],"replies":[{"embeddable":true,"href":"https:\/\/canchammx.com\/fr\/wp-json\/wp\/v2\/comments?post=537"}],"version-history":[{"count":16,"href":"https:\/\/canchammx.com\/fr\/wp-json\/wp\/v2\/pages\/537\/revisions"}],"predecessor-version":[{"id":736,"href":"https:\/\/canchammx.com\/fr\/wp-json\/wp\/v2\/pages\/537\/revisions\/736"}],"wp:attachment":[{"href":"https:\/\/canchammx.com\/fr\/wp-json\/wp\/v2\/media?parent=537"}],"curies":[{"name":"wp","href":"https:\/\/api.w.org\/{rel}","templated":true}]}}