{"id":426,"date":"2026-01-14T08:57:00","date_gmt":"2026-01-14T14:57:00","guid":{"rendered":"https:\/\/canchammx.playaprojects.com\/?page_id=426"},"modified":"2026-05-05T08:27:29","modified_gmt":"2026-05-05T14:27:29","slug":"eventos","status":"publish","type":"page","link":"https:\/\/canchammx.com\/fr\/eventos\/","title":{"rendered":"\u00c9v\u00e9nements"},"content":{"rendered":"<div data-elementor-type=\"wp-page\" data-elementor-id=\"426\" class=\"elementor elementor-426\">\n\t\t\t\t<div class=\"elementor-element elementor-element-d5a9f33 e-con-full e-flex e-con e-parent\" data-id=\"d5a9f33\" data-element_type=\"container\" data-e-type=\"container\" data-settings=\"{&quot;background_background&quot;:&quot;classic&quot;}\">\n\t\t<div class=\"elementor-element elementor-element-84f27df e-flex e-con-boxed e-con e-child\" data-id=\"84f27df\" data-element_type=\"container\" data-e-type=\"container\">\n\t\t\t\t\t<div class=\"e-con-inner\">\n\t\t\t\t<div class=\"elementor-element elementor-element-fd006f5 elementor-widget elementor-widget-heading\" data-id=\"fd006f5\" data-element_type=\"widget\" data-e-type=\"widget\" data-widget_type=\"heading.default\">\n\t\t\t\t\t<h2 class=\"elementor-heading-title elementor-size-default\">\u00c9v\u00e9nements<\/h2>\t\t\t\t<\/div>\n\t\t\t\t<div class=\"elementor-element elementor-element-38ed708 elementor-widget elementor-widget-html\" data-id=\"38ed708\" data-element_type=\"widget\" data-e-type=\"widget\" data-widget_type=\"html.default\">\n\t\t\t\t\t<div class=\"title-shape\"><\/div>\t\t\t\t<\/div>\n\t\t\t\t\t<\/div>\n\t\t\t\t<\/div>\n\t\t\t\t<\/div>\n\t\t<div class=\"elementor-element elementor-element-9190aa6 e-flex e-con-boxed e-con e-parent\" data-id=\"9190aa6\" data-element_type=\"container\" data-e-type=\"container\">\n\t\t\t\t\t<div class=\"e-con-inner\">\n\t\t<div class=\"elementor-element elementor-element-3574d27 e-con-full e-flex e-con e-child\" data-id=\"3574d27\" data-element_type=\"container\" data-e-type=\"container\">\n\t\t\t\t<div class=\"elementor-element elementor-element-3d64941 elementor-widget elementor-widget-image\" data-id=\"3d64941\" data-element_type=\"widget\" data-e-type=\"widget\" data-widget_type=\"image.default\">\n\t\t\t\t\t\t\t\t\t\t\t\t\t\t\t<img fetchpriority=\"high\" decoding=\"async\" width=\"1080\" height=\"1600\" src=\"https:\/\/canchammx.com\/wp-content\/uploads\/CanCHAM-Nigth.jpeg\" class=\"attachment-large size-large wp-image-1420\" alt=\"\" srcset=\"https:\/\/canchammx.com\/wp-content\/uploads\/CanCHAM-Nigth.jpeg 1080w, https:\/\/canchammx.com\/wp-content\/uploads\/CanCHAM-Nigth-8x12.jpeg 8w\" sizes=\"(max-width: 1080px) 100vw, 1080px\" \/>\t\t\t\t\t\t\t\t\t\t\t\t\t\t\t<\/div>\n\t\t\t\t<\/div>\n\t\t<div class=\"elementor-element elementor-element-cbc7ffc e-con-full e-flex e-con e-child\" data-id=\"cbc7ffc\" data-element_type=\"container\" data-e-type=\"container\">\n\t\t<div class=\"elementor-element elementor-element-48a0bb6 e-con-full e-flex e-con e-child\" data-id=\"48a0bb6\" data-element_type=\"container\" data-e-type=\"container\">\n\t\t\t\t<div class=\"elementor-element elementor-element-b55d8c7 elementor-align-center elementor-widget elementor-widget-button\" data-id=\"b55d8c7\" data-element_type=\"widget\" data-e-type=\"widget\" data-widget_type=\"button.default\">\n\t\t\t\t\t\t\t\t\t\t<a class=\"elementor-button elementor-button-link elementor-size-sm\" href=\"https:\/\/forms.gle\/y29gHKLYfAYK41pD8\">\n\t\t\t\t\t\t<span class=\"elementor-button-content-wrapper\">\n\t\t\t\t\t\t\t\t\t<span class=\"elementor-button-text\">Registrate aqu\u00ed <\/span>\n\t\t\t\t\t<\/span>\n\t\t\t\t\t<\/a>\n\t\t\t\t\t\t\t\t<\/div>\n\t\t\t\t<\/div>\n\t\t\t\t<div class=\"elementor-element elementor-element-ce2f541 elementor-widget elementor-widget-text-editor\" data-id=\"ce2f541\" data-element_type=\"widget\" data-e-type=\"widget\" data-widget_type=\"text-editor.default\">\n\t\t\t\t\t\t\t\t\t<p>Participar en nuestro evento insignia, un espacio de di\u00e1logo estrat\u00e9gico orientado al an\u00e1lisis y fortalecimiento de los principales ejes de la relaci\u00f3n bilateral entre M\u00e9xico y Canad\u00e1.<\/p><p>\u00a1No te lo pierdas!<\/p>\t\t\t\t\t\t\t\t<\/div>\n\t\t\t\t<\/div>\n\t\t\t\t\t<\/div>\n\t\t\t\t<\/div>\n\t\t<div class=\"elementor-element elementor-element-444680b e-flex e-con-boxed e-con e-parent\" data-id=\"444680b\" data-element_type=\"container\" data-e-type=\"container\">\n\t\t\t\t\t<div class=\"e-con-inner\">\n\t\t<div class=\"elementor-element elementor-element-022a7db e-con-full e-flex e-con e-child\" data-id=\"022a7db\" data-element_type=\"container\" data-e-type=\"container\">\n\t\t\t\t<div class=\"elementor-element elementor-element-d5073f7 elementor-widget elementor-widget-image\" data-id=\"d5073f7\" data-element_type=\"widget\" data-e-type=\"widget\" data-widget_type=\"image.default\">\n\t\t\t\t\t\t\t\t\t\t\t\t\t\t\t<img decoding=\"async\" width=\"1236\" height=\"1600\" src=\"https:\/\/canchammx.com\/wp-content\/uploads\/CanCham-TechClub-Cars-are-Just-Computers-Now-C04152026.jpeg\" class=\"attachment-large size-large wp-image-1418\" alt=\"\" srcset=\"https:\/\/canchammx.com\/wp-content\/uploads\/CanCham-TechClub-Cars-are-Just-Computers-Now-C04152026.jpeg 1236w, https:\/\/canchammx.com\/wp-content\/uploads\/CanCham-TechClub-Cars-are-Just-Computers-Now-C04152026-9x12.jpeg 9w\" sizes=\"(max-width: 1236px) 100vw, 1236px\" \/>\t\t\t\t\t\t\t\t\t\t\t\t\t\t\t<\/div>\n\t\t\t\t<\/div>\n\t\t<div class=\"elementor-element elementor-element-0f410b5 e-con-full e-flex e-con e-child\" data-id=\"0f410b5\" data-element_type=\"container\" data-e-type=\"container\">\n\t\t<div class=\"elementor-element elementor-element-46017d4 e-con-full e-flex e-con e-child\" data-id=\"46017d4\" data-element_type=\"container\" data-e-type=\"container\">\n\t\t\t\t<div class=\"elementor-element elementor-element-43834e3 elementor-widget elementor-widget-text-editor\" data-id=\"43834e3\" data-element_type=\"widget\" data-e-type=\"widget\" data-widget_type=\"text-editor.default\">\n\t\t\t\t\t\t\t\t\t<h3><span style=\"color: #222222; font-family: Helvetica; font-size: 20px; text-align: justify;\">Una sesi\u00f3n enfocada en&nbsp;<\/span><span style=\"color: #222222; font-family: Helvetica; font-size: 20px; text-align: justify;\">IA, datos y software en la industria automotriz moderna.<\/span><span style=\"color: #222222; font-family: Helvetica; font-size: 20px; text-align: justify;\">&nbsp; Este evento reunir\u00e1 a desarrolladores, ingenieros y l\u00edderes de la industria previo a IAISS 2026, para compartir ideas y generar conexiones clave que est\u00e1n impulsando el futuro de la movilidad.&nbsp;<br><\/span><span style=\"font-size: 20px; color: #222222; font-family: Helvetica; text-align: justify;\">Evento en ingl\u00e9s<br><\/span><span style=\"font-size: 20px; color: #222222; font-family: Helvetica; text-align: justify;\">Costo 300 MXN + IVA&nbsp;<\/span><\/h3>\t\t\t\t\t\t\t\t<\/div>\n\t\t\t\t<\/div>\n\t\t<div class=\"elementor-element elementor-element-1065822 e-con-full e-flex e-con e-child\" data-id=\"1065822\" data-element_type=\"container\" data-e-type=\"container\">\n\t\t\t\t<div class=\"elementor-element elementor-element-2cd303c elementor-align-center elementor-widget elementor-widget-button\" data-id=\"2cd303c\" data-element_type=\"widget\" data-e-type=\"widget\" data-widget_type=\"button.default\">\n\t\t\t\t\t\t\t\t\t\t<a class=\"elementor-button elementor-button-link elementor-size-sm\" href=\"https:\/\/docs.google.com\/forms\/d\/e\/1FAIpQLSdNmgcGXLtCAXVoM2hrUbYIMz5oxnAmPWjnxopJJvEBzJCKaQ\/viewform\">\n\t\t\t\t\t\t<span class=\"elementor-button-content-wrapper\">\n\t\t\t\t\t\t\t\t\t<span class=\"elementor-button-text\">Registrate aqu\u00ed <\/span>\n\t\t\t\t\t<\/span>\n\t\t\t\t\t<\/a>\n\t\t\t\t\t\t\t\t<\/div>\n\t\t\t\t<\/div>\n\t\t\t\t<\/div>\n\t\t\t\t\t<\/div>\n\t\t\t\t<\/div>\n\t\t<div class=\"elementor-element elementor-element-020aaca e-flex e-con-boxed e-con e-parent\" data-id=\"020aaca\" data-element_type=\"container\" data-e-type=\"container\">\n\t\t\t\t\t<div class=\"e-con-inner\">\n\t\t<div class=\"elementor-element elementor-element-64f97ae e-con-full e-flex e-con e-child\" data-id=\"64f97ae\" data-element_type=\"container\" data-e-type=\"container\">\n\t\t\t\t<div class=\"elementor-element elementor-element-53317f8 elementor-widget elementor-widget-image\" data-id=\"53317f8\" data-element_type=\"widget\" data-e-type=\"widget\" data-widget_type=\"image.default\">\n\t\t\t\t\t\t\t\t\t\t\t\t\t\t\t<img decoding=\"async\" width=\"1234\" height=\"1600\" src=\"https:\/\/canchammx.com\/wp-content\/uploads\/Migracion-Can.jpeg\" class=\"attachment-large size-large wp-image-1424\" alt=\"\" srcset=\"https:\/\/canchammx.com\/wp-content\/uploads\/Migracion-Can.jpeg 1234w, https:\/\/canchammx.com\/wp-content\/uploads\/Migracion-Can-9x12.jpeg 9w\" sizes=\"(max-width: 1234px) 100vw, 1234px\" \/>\t\t\t\t\t\t\t\t\t\t\t\t\t\t\t<\/div>\n\t\t\t\t<\/div>\n\t\t<div class=\"elementor-element elementor-element-f41fbb6 e-con-full e-flex e-con e-child\" data-id=\"f41fbb6\" data-element_type=\"container\" data-e-type=\"container\">\n\t\t<div class=\"elementor-element elementor-element-c6ec19e e-con-full e-flex e-con e-child\" data-id=\"c6ec19e\" data-element_type=\"container\" data-e-type=\"container\">\n\t\t\t\t<div class=\"elementor-element elementor-element-b92fe29 elementor-widget elementor-widget-text-editor\" data-id=\"b92fe29\" data-element_type=\"widget\" data-e-type=\"widget\" data-widget_type=\"text-editor.default\">\n\t\t\t\t\t\t\t\t\t<p>Durante esta sesi\u00f3n virtual analizaremos diversos temas relevantes para lograr una migraci\u00f3n efectiva hacia\u00a0Canad\u00e1,\u00a0incluyendo como pueden navegar las empresas en aspectos de migraci\u00f3n:<\/p><ul style=\"margin-top: 0cm;\" type=\"disc\"><li>C\u00f3mo funciona la inmigraci\u00f3n en Canad\u00e1<\/li><li>Categor\u00edas principales del trabajo en Canad\u00e1\u00a0\u00a0<\/li><li>Opciones para obtener la\u00a0Residencia permanente<\/li><\/ul><p><b><u>Evento sin costo para Socios CanCham<\/u><\/b><\/p><p>\u00a1Participa!<\/p>\t\t\t\t\t\t\t\t<\/div>\n\t\t\t\t<div class=\"elementor-element elementor-element-15d27db elementor-align-center elementor-widget elementor-widget-button\" data-id=\"15d27db\" data-element_type=\"widget\" data-e-type=\"widget\" data-widget_type=\"button.default\">\n\t\t\t\t\t\t\t\t\t\t<a class=\"elementor-button elementor-button-link elementor-size-sm\" href=\"https:\/\/forms.gle\/togCtVWBzztwEYos7\">\n\t\t\t\t\t\t<span class=\"elementor-button-content-wrapper\">\n\t\t\t\t\t\t\t\t\t<span class=\"elementor-button-text\">Registrate aqu\u00ed <\/span>\n\t\t\t\t\t<\/span>\n\t\t\t\t\t<\/a>\n\t\t\t\t\t\t\t\t<\/div>\n\t\t\t\t<\/div>\n\t\t\t\t<\/div>\n\t\t\t\t\t<\/div>\n\t\t\t\t<\/div>\n\t\t<div class=\"elementor-element elementor-element-291bfe1 e-flex e-con-boxed e-con e-parent\" data-id=\"291bfe1\" data-element_type=\"container\" data-e-type=\"container\">\n\t\t\t\t\t<div class=\"e-con-inner\">\n\t\t<div class=\"elementor-element elementor-element-50d265a e-con-full e-flex e-con e-child\" data-id=\"50d265a\" data-element_type=\"container\" data-e-type=\"container\">\n\t\t\t\t<div class=\"elementor-element elementor-element-7ffb8c5 elementor-widget elementor-widget-image\" data-id=\"7ffb8c5\" data-element_type=\"widget\" data-e-type=\"widget\" data-widget_type=\"image.default\">\n\t\t\t\t\t\t\t\t\t\t\t\t\t\t\t<img loading=\"lazy\" decoding=\"async\" width=\"2084\" height=\"2560\" src=\"https:\/\/canchammx.com\/wp-content\/uploads\/GESTION-DE-RIESGOS.jpg-scaled.jpeg\" class=\"attachment-large size-large wp-image-1429\" alt=\"\" srcset=\"https:\/\/canchammx.com\/wp-content\/uploads\/GESTION-DE-RIESGOS.jpg-scaled.jpeg 2084w, https:\/\/canchammx.com\/wp-content\/uploads\/GESTION-DE-RIESGOS.jpg-10x12.jpeg 10w\" sizes=\"(max-width: 2084px) 100vw, 2084px\" \/>\t\t\t\t\t\t\t\t\t\t\t\t\t\t\t<\/div>\n\t\t\t\t<\/div>\n\t\t<div class=\"elementor-element elementor-element-306195e e-con-full e-flex e-con e-child\" data-id=\"306195e\" data-element_type=\"container\" data-e-type=\"container\">\n\t\t<div class=\"elementor-element elementor-element-e0550a0 e-con-full e-flex e-con e-child\" data-id=\"e0550a0\" data-element_type=\"container\" data-e-type=\"container\">\n\t\t\t\t<div class=\"elementor-element elementor-element-307dec6 elementor-widget elementor-widget-text-editor\" data-id=\"307dec6\" data-element_type=\"widget\" data-e-type=\"widget\" data-widget_type=\"text-editor.default\">\n\t\t\t\t\t\t\t\t\t<p><span style=\"color: #222222; font-family: Helvetica;\"><span style=\"font-size: 20px;\">En esta sesi\u00f3n virtual se revisar\u00e1 la evoluci\u00f3n del crimen organizado, extorsi\u00f3n, an\u00e1lisis del seguro empresarial en sus exclusiones y cobertura de terrorismo.\u00a0 \u00a0\u00a0<\/span><\/span><\/p><p><span style=\"color: #222222; font-family: Helvetica;\"><span style=\"font-size: 20px;\">Este evento es sin costo para socios CanCham y de 350 MXN + IVA para No socios. Te invitamos a participar.<\/span><\/span><\/p>\t\t\t\t\t\t\t\t<\/div>\n\t\t\t\t<\/div>\n\t\t<div class=\"elementor-element elementor-element-9a6a002 e-con-full e-flex e-con e-child\" data-id=\"9a6a002\" data-element_type=\"container\" data-e-type=\"container\">\n\t\t\t\t<div class=\"elementor-element elementor-element-7eacca9 elementor-align-center elementor-widget elementor-widget-button\" data-id=\"7eacca9\" data-element_type=\"widget\" data-e-type=\"widget\" data-widget_type=\"button.default\">\n\t\t\t\t\t\t\t\t\t\t<a class=\"elementor-button elementor-button-link elementor-size-sm\" href=\"https:\/\/forms.gle\/1cZZjMUDzpKXYsqo6\">\n\t\t\t\t\t\t<span class=\"elementor-button-content-wrapper\">\n\t\t\t\t\t\t\t\t\t<span class=\"elementor-button-text\">Registrate aqu\u00ed <\/span>\n\t\t\t\t\t<\/span>\n\t\t\t\t\t<\/a>\n\t\t\t\t\t\t\t\t<\/div>\n\t\t\t\t<\/div>\n\t\t\t\t<\/div>\n\t\t\t\t\t<\/div>\n\t\t\t\t<\/div>\n\t\t\t\t<\/div>","protected":false},"excerpt":{"rendered":"<p>Eventos Registrate aqu\u00ed Participar en nuestro evento insignia, un espacio de di\u00e1logo estrat\u00e9gico orientado al an\u00e1lisis y fortalecimiento de los principales ejes de la relaci\u00f3n bilateral entre M\u00e9xico y Canad\u00e1. \u00a1No te lo pierdas! Una sesi\u00f3n enfocada en&nbsp;IA, datos y software en la industria automotriz moderna.&nbsp; Este evento reunir\u00e1 a desarrolladores, ingenieros y l\u00edderes de [&hellip;]<\/p>","protected":false},"author":1,"featured_media":0,"parent":0,"menu_order":0,"comment_status":"closed","ping_status":"closed","template":"","meta":{"footnotes":""},"class_list":["post-426","page","type-page","status-publish","hentry"],"_links":{"self":[{"href":"https:\/\/canchammx.com\/fr\/wp-json\/wp\/v2\/pages\/426","targetHints":{"allow":["GET"]}}],"collection":[{"href":"https:\/\/canchammx.com\/fr\/wp-json\/wp\/v2\/pages"}],"about":[{"href":"https:\/\/canchammx.com\/fr\/wp-json\/wp\/v2\/types\/page"}],"author":[{"embeddable":true,"href":"https:\/\/canchammx.com\/fr\/wp-json\/wp\/v2\/users\/1"}],"replies":[{"embeddable":true,"href":"https:\/\/canchammx.com\/fr\/wp-json\/wp\/v2\/comments?post=426"}],"version-history":[{"count":25,"href":"https:\/\/canchammx.com\/fr\/wp-json\/wp\/v2\/pages\/426\/revisions"}],"predecessor-version":[{"id":1437,"href":"https:\/\/canchammx.com\/fr\/wp-json\/wp\/v2\/pages\/426\/revisions\/1437"}],"wp:attachment":[{"href":"https:\/\/canchammx.com\/fr\/wp-json\/wp\/v2\/media?parent=426"}],"curies":[{"name":"wp","href":"https:\/\/api.w.org\/{rel}","templated":true}]}}