{"id":196,"date":"2026-01-12T12:44:41","date_gmt":"2026-01-12T18:44:41","guid":{"rendered":"https:\/\/canchammx.playaprojects.com\/?page_id=196"},"modified":"2026-01-20T09:42:06","modified_gmt":"2026-01-20T15:42:06","slug":"csr","status":"publish","type":"page","link":"https:\/\/canchammx.com\/fr\/csr\/","title":{"rendered":"CSR"},"content":{"rendered":"<div data-elementor-type=\"wp-page\" data-elementor-id=\"196\" class=\"elementor elementor-196\">\n\t\t\t\t<div class=\"elementor-element elementor-element-6a004a4 e-con-full e-flex e-con e-parent\" data-id=\"6a004a4\" data-element_type=\"container\" data-e-type=\"container\" data-settings=\"{&quot;background_background&quot;:&quot;classic&quot;}\">\n\t\t<div class=\"elementor-element elementor-element-e5c72f4 e-flex e-con-boxed e-con e-child\" data-id=\"e5c72f4\" data-element_type=\"container\" data-e-type=\"container\">\n\t\t\t\t\t<div class=\"e-con-inner\">\n\t\t\t\t<div class=\"elementor-element elementor-element-8c193f4 elementor-widget elementor-widget-heading\" data-id=\"8c193f4\" data-element_type=\"widget\" data-e-type=\"widget\" data-widget_type=\"heading.default\">\n\t\t\t\t\t<h2 class=\"elementor-heading-title elementor-size-default\">Responsabilit\u00e9 sociale des entreprises des soci\u00e9t\u00e9s canadiennes au Mexique<\/h2>\t\t\t\t<\/div>\n\t\t\t\t<div class=\"elementor-element elementor-element-18eed92 elementor-widget elementor-widget-html\" data-id=\"18eed92\" data-element_type=\"widget\" data-e-type=\"widget\" data-widget_type=\"html.default\">\n\t\t\t\t\t<div class=\"title-shape\"><\/div>\t\t\t\t<\/div>\n\t\t\t\t\t<\/div>\n\t\t\t\t<\/div>\n\t\t\t\t<\/div>\n\t\t<div class=\"elementor-element elementor-element-7dc2e78 e-con-full e-flex e-con e-parent\" data-id=\"7dc2e78\" data-element_type=\"container\" data-e-type=\"container\">\n\t\t<div class=\"elementor-element elementor-element-3305543 e-flex e-con-boxed e-con e-child\" data-id=\"3305543\" data-element_type=\"container\" data-e-type=\"container\">\n\t\t\t\t\t<div class=\"e-con-inner\">\n\t\t\t\t<div class=\"elementor-element elementor-element-f6cd444 elementor-widget elementor-widget-text-editor\" data-id=\"f6cd444\" data-element_type=\"widget\" data-e-type=\"widget\" data-widget_type=\"text-editor.default\">\n\t\t\t\t\t\t\t\t\t<h4>La Chambre de commerce du Canada au Mexique est la voix des entreprises canadiennes. Faire partie d\u2019une communaut\u00e9 d\u2019affaires responsable au Mexique signifie partager des valeurs communes :<\/h4>\t\t\t\t\t\t\t\t<\/div>\n\t\t\t\t\t<\/div>\n\t\t\t\t<\/div>\n\t\t\t\t<\/div>\n\t\t<div class=\"elementor-element elementor-element-576a3bf e-con-full e-flex e-con e-parent\" data-id=\"576a3bf\" data-element_type=\"container\" data-e-type=\"container\">\n\t\t<div class=\"elementor-element elementor-element-fc944d3 e-flex e-con-boxed e-con e-child\" data-id=\"fc944d3\" data-element_type=\"container\" data-e-type=\"container\">\n\t\t\t\t\t<div class=\"e-con-inner\">\n\t\t\t\t<div class=\"elementor-element elementor-element-d0c856c elementor-widget elementor-widget-heading\" data-id=\"d0c856c\" data-element_type=\"widget\" data-e-type=\"widget\" data-widget_type=\"heading.default\">\n\t\t\t\t\t<h2 class=\"elementor-heading-title elementor-size-default\">\u00c9thique<\/h2>\t\t\t\t<\/div>\n\t\t\t\t<div class=\"elementor-element elementor-element-0882d2f elementor-widget elementor-widget-html\" data-id=\"0882d2f\" data-element_type=\"widget\" data-e-type=\"widget\" data-widget_type=\"html.default\">\n\t\t\t\t\t<p class=\"pleca-izquierda\">&nbsp;<\/p>\t\t\t\t<\/div>\n\t\t\t\t\t<\/div>\n\t\t\t\t<\/div>\n\t\t\t\t<\/div>\n\t\t<div class=\"elementor-element elementor-element-7a752a2 e-con-full e-flex e-con e-parent\" data-id=\"7a752a2\" data-element_type=\"container\" data-e-type=\"container\">\n\t\t<div class=\"elementor-element elementor-element-5eec860 e-flex e-con-boxed e-con e-child\" data-id=\"5eec860\" data-element_type=\"container\" data-e-type=\"container\">\n\t\t\t\t\t<div class=\"e-con-inner\">\n\t\t\t\t<div class=\"elementor-element elementor-element-3a2a892 elementor-widget elementor-widget-text-editor\" data-id=\"3a2a892\" data-element_type=\"widget\" data-e-type=\"widget\" data-widget_type=\"text-editor.default\">\n\t\t\t\t\t\t\t\t\t<p>CANCHAM et ses membres consid\u00e8rent que l\u2019\u00e9thique des affaires constitue un \u00e9l\u00e9ment fondamental de pratiques commerciales efficaces. Le fonctionnement \u00e9thique d\u2019une entreprise exige le respect des lois et r\u00e8glements en vigueur au Mexique.<\/p><p>Les entreprises canadiennes \u00e9tablies sur le territoire mexicain m\u00e8nent leurs activit\u00e9s avec honn\u00eatet\u00e9, int\u00e9grit\u00e9 et impartialit\u00e9, tout en respectant l\u2019environnement ainsi que les normes sociales et du travail, et conform\u00e9ment aux normes de qualit\u00e9 les plus \u00e9lev\u00e9es, tant nationales qu\u2019internationales.<\/p>\t\t\t\t\t\t\t\t<\/div>\n\t\t\t\t\t<\/div>\n\t\t\t\t<\/div>\n\t\t\t\t<\/div>\n\t\t<div class=\"elementor-element elementor-element-fc5183e e-con-full e-flex e-con e-parent\" data-id=\"fc5183e\" data-element_type=\"container\" data-e-type=\"container\">\n\t\t<div class=\"elementor-element elementor-element-35a7c5a e-flex e-con-boxed e-con e-child\" data-id=\"35a7c5a\" data-element_type=\"container\" data-e-type=\"container\">\n\t\t\t\t\t<div class=\"e-con-inner\">\n\t\t\t\t<div class=\"elementor-element elementor-element-2d789fc elementor-widget elementor-widget-heading\" data-id=\"2d789fc\" data-element_type=\"widget\" data-e-type=\"widget\" data-widget_type=\"heading.default\">\n\t\t\t\t\t<h2 class=\"elementor-heading-title elementor-size-default\">Environnement<\/h2>\t\t\t\t<\/div>\n\t\t\t\t<div class=\"elementor-element elementor-element-c7f23db elementor-widget elementor-widget-html\" data-id=\"c7f23db\" data-element_type=\"widget\" data-e-type=\"widget\" data-widget_type=\"html.default\">\n\t\t\t\t\t<p class=\"pleca-izquierda\">&nbsp;<\/p>\t\t\t\t<\/div>\n\t\t\t\t\t<\/div>\n\t\t\t\t<\/div>\n\t\t\t\t<\/div>\n\t\t<div class=\"elementor-element elementor-element-57d840c e-con-full e-flex e-con e-parent\" data-id=\"57d840c\" data-element_type=\"container\" data-e-type=\"container\">\n\t\t<div class=\"elementor-element elementor-element-74bf397 e-flex e-con-boxed e-con e-child\" data-id=\"74bf397\" data-element_type=\"container\" data-e-type=\"container\">\n\t\t\t\t\t<div class=\"e-con-inner\">\n\t\t\t\t<div class=\"elementor-element elementor-element-5363cae elementor-widget elementor-widget-text-editor\" data-id=\"5363cae\" data-element_type=\"widget\" data-e-type=\"widget\" data-widget_type=\"text-editor.default\">\n\t\t\t\t\t\t\t\t\t<p>Nos membres s\u2019engagent \u00e0 prot\u00e9ger l\u2019environnement en appliquant les normes les plus \u00e9lev\u00e9es en mati\u00e8re de protection et de r\u00e9habilitation environnementale au Canada et au Mexique, et en \u00e9valuant toujours au pr\u00e9alable le niveau d\u2019impact environnemental des projets \u00e0 financer, entre autres initiatives.<\/p>\t\t\t\t\t\t\t\t<\/div>\n\t\t\t\t\t<\/div>\n\t\t\t\t<\/div>\n\t\t\t\t<\/div>\n\t\t<div class=\"elementor-element elementor-element-4c6ccfd e-con-full e-flex e-con e-parent\" data-id=\"4c6ccfd\" data-element_type=\"container\" data-e-type=\"container\">\n\t\t<div class=\"elementor-element elementor-element-4e5ef67 e-flex e-con-boxed e-con e-child\" data-id=\"4e5ef67\" data-element_type=\"container\" data-e-type=\"container\">\n\t\t\t\t\t<div class=\"e-con-inner\">\n\t\t\t\t<div class=\"elementor-element elementor-element-62201ac elementor-widget elementor-widget-heading\" data-id=\"62201ac\" data-element_type=\"widget\" data-e-type=\"widget\" data-widget_type=\"heading.default\">\n\t\t\t\t\t<h2 class=\"elementor-heading-title elementor-size-default\">Transparence<\/h2>\t\t\t\t<\/div>\n\t\t\t\t<div class=\"elementor-element elementor-element-bd898b2 elementor-widget elementor-widget-html\" data-id=\"bd898b2\" data-element_type=\"widget\" data-e-type=\"widget\" data-widget_type=\"html.default\">\n\t\t\t\t\t<p class=\"pleca-izquierda\">&nbsp;<\/p>\t\t\t\t<\/div>\n\t\t\t\t\t<\/div>\n\t\t\t\t<\/div>\n\t\t\t\t<\/div>\n\t\t<div class=\"elementor-element elementor-element-7bed307 e-con-full e-flex e-con e-parent\" data-id=\"7bed307\" data-element_type=\"container\" data-e-type=\"container\">\n\t\t<div class=\"elementor-element elementor-element-bab5bc0 e-flex e-con-boxed e-con e-child\" data-id=\"bab5bc0\" data-element_type=\"container\" data-e-type=\"container\">\n\t\t\t\t\t<div class=\"e-con-inner\">\n\t\t\t\t<div class=\"elementor-element elementor-element-3b303df elementor-widget elementor-widget-text-editor\" data-id=\"3b303df\" data-element_type=\"widget\" data-e-type=\"widget\" data-widget_type=\"text-editor.default\">\n\t\t\t\t\t\t\t\t\t<p>Nos membres agissent avec une transparence absolue en rendant des comptes \u00e0 de nombreuses parties prenantes, notamment leurs actionnaires, leurs clients et leurs employ\u00e9s, ainsi qu\u2019aux communaut\u00e9s locales, aux gouvernements et aux parties prenantes \u00e0 l\u2019\u00e9chelle nationale et internationale qui les accueillent et leur accordent leur soutien.<\/p><p>La CanCham considera que los negocios deben realizarse siempre de manera transparente a fin de conservar la confianza de todas las partes interesadas siempre protegiendo la confidencialidad de los intereses comerciales.<\/p>\t\t\t\t\t\t\t\t<\/div>\n\t\t\t\t\t<\/div>\n\t\t\t\t<\/div>\n\t\t\t\t<\/div>\n\t\t<div class=\"elementor-element elementor-element-a6bc6c2 e-con-full e-flex e-con e-parent\" data-id=\"a6bc6c2\" data-element_type=\"container\" data-e-type=\"container\">\n\t\t<div class=\"elementor-element elementor-element-57c49a8 e-flex e-con-boxed e-con e-child\" data-id=\"57c49a8\" data-element_type=\"container\" data-e-type=\"container\">\n\t\t\t\t\t<div class=\"e-con-inner\">\n\t\t\t\t<div class=\"elementor-element elementor-element-27a085b elementor-widget elementor-widget-heading\" data-id=\"27a085b\" data-element_type=\"widget\" data-e-type=\"widget\" data-widget_type=\"heading.default\">\n\t\t\t\t\t<h2 class=\"elementor-heading-title elementor-size-default\">Investissement communautaire<\/h2>\t\t\t\t<\/div>\n\t\t\t\t<div class=\"elementor-element elementor-element-bf2bf79 elementor-widget elementor-widget-html\" data-id=\"bf2bf79\" data-element_type=\"widget\" data-e-type=\"widget\" data-widget_type=\"html.default\">\n\t\t\t\t\t<p class=\"pleca-izquierda\">&nbsp;<\/p>\t\t\t\t<\/div>\n\t\t\t\t\t<\/div>\n\t\t\t\t<\/div>\n\t\t\t\t<\/div>\n\t\t<div class=\"elementor-element elementor-element-3dce4da e-con-full e-flex e-con e-parent\" data-id=\"3dce4da\" data-element_type=\"container\" data-e-type=\"container\">\n\t\t<div class=\"elementor-element elementor-element-a7cb1e5 e-flex e-con-boxed e-con e-child\" data-id=\"a7cb1e5\" data-element_type=\"container\" data-e-type=\"container\">\n\t\t\t\t\t<div class=\"e-con-inner\">\n\t\t\t\t<div class=\"elementor-element elementor-element-0671c53 elementor-widget elementor-widget-text-editor\" data-id=\"0671c53\" data-element_type=\"widget\" data-e-type=\"widget\" data-widget_type=\"text-editor.default\">\n\t\t\t\t\t\t\t\t\t<p>Pour CANCHAM et ses membres, il est essentiel de s\u2019investir dans la communaut\u00e9 qu\u2019ils servent et dont ils font partie. Nous sommes fiers de nos membres et des efforts qu\u2019ils d\u00e9ploient au quotidien.<\/p><p>our CANCHAM et la communaut\u00e9 d\u2019affaires canadienne au Mexique, il est essentiel de s\u2019investir dans les collectivit\u00e9s o\u00f9 elles exercent leurs activit\u00e9s, en les int\u00e9grant de fa\u00e7on appropri\u00e9e aux processus, dans le respect de l\u2019environnement et de la culture locale, et en favorisant une philosophie de solidarit\u00e9 et de bon voisinage.<\/p>\t\t\t\t\t\t\t\t<\/div>\n\t\t\t\t\t<\/div>\n\t\t\t\t<\/div>\n\t\t\t\t<\/div>\n\t\t<div class=\"elementor-element elementor-element-9d0cbd1 e-con-full e-flex e-con e-parent\" data-id=\"9d0cbd1\" data-element_type=\"container\" data-e-type=\"container\">\n\t\t<div class=\"elementor-element elementor-element-0bce2d0 e-flex e-con-boxed e-con e-child\" data-id=\"0bce2d0\" data-element_type=\"container\" data-e-type=\"container\">\n\t\t\t\t\t<div class=\"e-con-inner\">\n\t\t\t\t<div class=\"elementor-element elementor-element-0b4ef93 elementor-widget elementor-widget-heading\" data-id=\"0b4ef93\" data-element_type=\"widget\" data-e-type=\"widget\" data-widget_type=\"heading.default\">\n\t\t\t\t\t<h2 class=\"elementor-heading-title elementor-size-default\">Solidarit\u00e9<\/h2>\t\t\t\t<\/div>\n\t\t\t\t<div class=\"elementor-element elementor-element-44bee88 elementor-widget elementor-widget-html\" data-id=\"44bee88\" data-element_type=\"widget\" data-e-type=\"widget\" data-widget_type=\"html.default\">\n\t\t\t\t\t<p class=\"pleca-izquierda\">&nbsp;<\/p>\t\t\t\t<\/div>\n\t\t\t\t\t<\/div>\n\t\t\t\t<\/div>\n\t\t\t\t<\/div>\n\t\t<div class=\"elementor-element elementor-element-b551336 e-con-full e-flex e-con e-parent\" data-id=\"b551336\" data-element_type=\"container\" data-e-type=\"container\">\n\t\t<div class=\"elementor-element elementor-element-47fb6a1 e-flex e-con-boxed e-con e-child\" data-id=\"47fb6a1\" data-element_type=\"container\" data-e-type=\"container\">\n\t\t\t\t\t<div class=\"e-con-inner\">\n\t\t\t\t<div class=\"elementor-element elementor-element-c954ac7 elementor-widget elementor-widget-text-editor\" data-id=\"c954ac7\" data-element_type=\"widget\" data-e-type=\"widget\" data-widget_type=\"text-editor.default\">\n\t\t\t\t\t\t\t\t\t<p>Les membres de CANCHAM reconnaissent que la solidarit\u00e9 est une valeur fondamentale qui ne se limite pas aux diff\u00e9rentes formes d\u2019aide, mais repose sur un effort continu visant \u00e0 permettre \u00e0 un plus grand nombre de personnes d\u2019atteindre l\u2019autonomie \u00e9conomique.<\/p>\t\t\t\t\t\t\t\t<\/div>\n\t\t\t\t\t<\/div>\n\t\t\t\t<\/div>\n\t\t\t\t<\/div>\n\t\t\t\t<\/div>","protected":false},"excerpt":{"rendered":"<p>CSR de las empresas canadienses en M\u00e9xico La C\u00e1mara de Comercio del Canad\u00e1 en M\u00e9xico es voz de las empresas canadienses. Formar parte de una comunidad responsable de negocios canadiense en M\u00e9xico, significa compartir valores comunes: \u00c9tica &nbsp; La CanCham y sus socios consideran que la \u00e9tica empresarial es un elemento fundamental de las pr\u00e1cticas [&hellip;]<\/p>","protected":false},"author":1,"featured_media":0,"parent":0,"menu_order":0,"comment_status":"closed","ping_status":"closed","template":"","meta":{"footnotes":""},"class_list":["post-196","page","type-page","status-publish","hentry"],"_links":{"self":[{"href":"https:\/\/canchammx.com\/fr\/wp-json\/wp\/v2\/pages\/196","targetHints":{"allow":["GET"]}}],"collection":[{"href":"https:\/\/canchammx.com\/fr\/wp-json\/wp\/v2\/pages"}],"about":[{"href":"https:\/\/canchammx.com\/fr\/wp-json\/wp\/v2\/types\/page"}],"author":[{"embeddable":true,"href":"https:\/\/canchammx.com\/fr\/wp-json\/wp\/v2\/users\/1"}],"replies":[{"embeddable":true,"href":"https:\/\/canchammx.com\/fr\/wp-json\/wp\/v2\/comments?post=196"}],"version-history":[{"count":16,"href":"https:\/\/canchammx.com\/fr\/wp-json\/wp\/v2\/pages\/196\/revisions"}],"predecessor-version":[{"id":213,"href":"https:\/\/canchammx.com\/fr\/wp-json\/wp\/v2\/pages\/196\/revisions\/213"}],"wp:attachment":[{"href":"https:\/\/canchammx.com\/fr\/wp-json\/wp\/v2\/media?parent=196"}],"curies":[{"name":"wp","href":"https:\/\/api.w.org\/{rel}","templated":true}]}}