{"id":143,"date":"2026-01-12T09:42:50","date_gmt":"2026-01-12T15:42:50","guid":{"rendered":"https:\/\/canchammx.playaprojects.com\/?page_id=143"},"modified":"2026-04-09T10:14:09","modified_gmt":"2026-04-09T16:14:09","slug":"equipo","status":"publish","type":"page","link":"https:\/\/canchammx.com\/fr\/equipo\/","title":{"rendered":"Notre \u00e9quipe"},"content":{"rendered":"<div data-elementor-type=\"wp-page\" data-elementor-id=\"143\" class=\"elementor elementor-143\">\n\t\t\t\t<div class=\"elementor-element elementor-element-9dc6083 e-con-full e-flex e-con e-parent\" data-id=\"9dc6083\" data-element_type=\"container\" data-e-type=\"container\" data-settings=\"{&quot;background_background&quot;:&quot;classic&quot;}\">\n\t\t<div class=\"elementor-element elementor-element-ff7b184 e-flex e-con-boxed e-con e-child\" data-id=\"ff7b184\" data-element_type=\"container\" data-e-type=\"container\">\n\t\t\t\t\t<div class=\"e-con-inner\">\n\t\t\t\t<div class=\"elementor-element elementor-element-99e1f76 elementor-widget elementor-widget-heading\" data-id=\"99e1f76\" data-element_type=\"widget\" data-e-type=\"widget\" data-widget_type=\"heading.default\">\n\t\t\t\t\t<h2 class=\"elementor-heading-title elementor-size-default\">Notre \u00e9quipe<\/h2>\t\t\t\t<\/div>\n\t\t\t\t<div class=\"elementor-element elementor-element-2a5ece8 elementor-widget elementor-widget-html\" data-id=\"2a5ece8\" data-element_type=\"widget\" data-e-type=\"widget\" data-widget_type=\"html.default\">\n\t\t\t\t\t<div class=\"title-shape\"><\/div>\t\t\t\t<\/div>\n\t\t\t\t\t<\/div>\n\t\t\t\t<\/div>\n\t\t\t\t<\/div>\n\t\t<div class=\"elementor-element elementor-element-a582dd9 e-flex e-con-boxed e-con e-parent\" data-id=\"a582dd9\" data-element_type=\"container\" data-e-type=\"container\">\n\t\t\t\t\t<div class=\"e-con-inner\">\n\t\t<div class=\"elementor-element elementor-element-c60bc67 e-con-full e-flex e-con e-child\" data-id=\"c60bc67\" data-element_type=\"container\" data-e-type=\"container\">\n\t\t\t\t<div class=\"elementor-element elementor-element-fc75726 elementor-position-top elementor-widget elementor-widget-image-box\" data-id=\"fc75726\" data-element_type=\"widget\" data-e-type=\"widget\" data-widget_type=\"image-box.default\">\n\t\t\t\t\t<div class=\"elementor-image-box-wrapper\"><figure class=\"elementor-image-box-img\"><img fetchpriority=\"high\" decoding=\"async\" width=\"1080\" height=\"1080\" src=\"https:\/\/canchammx.com\/wp-content\/uploads\/Carla.png\" class=\"attachment-full size-full wp-image-1341\" alt=\"\" srcset=\"https:\/\/canchammx.com\/wp-content\/uploads\/Carla.png 1080w, https:\/\/canchammx.com\/wp-content\/uploads\/Carla-12x12.png 12w\" sizes=\"(max-width: 1080px) 100vw, 1080px\" \/><\/figure><div class=\"elementor-image-box-content\"><h3 class=\"elementor-image-box-title\">Carla Bustillos<\/h3><p class=\"elementor-image-box-description\">Directrice g\u00e9n\u00e9rale <br> cbustillos@canchammx.com<\/p><\/div><\/div>\t\t\t\t<\/div>\n\t\t\t\t<\/div>\n\t\t<div class=\"elementor-element elementor-element-9c7d25f e-con-full e-flex e-con e-child\" data-id=\"9c7d25f\" data-element_type=\"container\" data-e-type=\"container\">\n\t\t\t\t<div class=\"elementor-element elementor-element-c848e5a elementor-position-top elementor-widget elementor-widget-image-box\" data-id=\"c848e5a\" data-element_type=\"widget\" data-e-type=\"widget\" data-widget_type=\"image-box.default\">\n\t\t\t\t\t<div class=\"elementor-image-box-wrapper\"><figure class=\"elementor-image-box-img\"><img decoding=\"async\" width=\"1080\" height=\"1080\" src=\"https:\/\/canchammx.com\/wp-content\/uploads\/Ivette.png\" class=\"attachment-full size-full wp-image-1342\" alt=\"\" srcset=\"https:\/\/canchammx.com\/wp-content\/uploads\/Ivette.png 1080w, https:\/\/canchammx.com\/wp-content\/uploads\/Ivette-12x12.png 12w\" sizes=\"(max-width: 1080px) 100vw, 1080px\" \/><\/figure><div class=\"elementor-image-box-content\"><h3 class=\"elementor-image-box-title\">Ivette Flores<\/h3><p class=\"elementor-image-box-description\">Gestionnaire national de l\u2019administration et du renouvellement des adh\u00e9sions <br> iflores@canchammx.com<\/p><\/div><\/div>\t\t\t\t<\/div>\n\t\t\t\t<\/div>\n\t\t<div class=\"elementor-element elementor-element-88f6b99 e-con-full e-flex e-con e-child\" data-id=\"88f6b99\" data-element_type=\"container\" data-e-type=\"container\">\n\t\t\t\t<div class=\"elementor-element elementor-element-bb93e8f elementor-position-top elementor-widget elementor-widget-image-box\" data-id=\"bb93e8f\" data-element_type=\"widget\" data-e-type=\"widget\" data-widget_type=\"image-box.default\">\n\t\t\t\t\t<div class=\"elementor-image-box-wrapper\"><figure class=\"elementor-image-box-img\"><img decoding=\"async\" width=\"1080\" height=\"1080\" src=\"https:\/\/canchammx.com\/wp-content\/uploads\/Maria-Jose.png\" class=\"attachment-full size-full wp-image-1343\" alt=\"\" srcset=\"https:\/\/canchammx.com\/wp-content\/uploads\/Maria-Jose.png 1080w, https:\/\/canchammx.com\/wp-content\/uploads\/Maria-Jose-12x12.png 12w\" sizes=\"(max-width: 1080px) 100vw, 1080px\" \/><\/figure><div class=\"elementor-image-box-content\"><h3 class=\"elementor-image-box-title\">Mar\u00eda Jos\u00e9 Dom\u00ednguez<\/h3><p class=\"elementor-image-box-description\">Gestionnaire de CANCHAM Baj\u00edo<br> mjdominguez@canchammx.com<\/p><\/div><\/div>\t\t\t\t<\/div>\n\t\t\t\t<\/div>\n\t\t<div class=\"elementor-element elementor-element-beb2859 e-con-full e-flex e-con e-child\" data-id=\"beb2859\" data-element_type=\"container\" data-e-type=\"container\">\n\t\t\t\t<div class=\"elementor-element elementor-element-1eadf6d elementor-position-top elementor-widget elementor-widget-image-box\" data-id=\"1eadf6d\" data-element_type=\"widget\" data-e-type=\"widget\" data-widget_type=\"image-box.default\">\n\t\t\t\t\t<div class=\"elementor-image-box-wrapper\"><figure class=\"elementor-image-box-img\"><img loading=\"lazy\" decoding=\"async\" width=\"1080\" height=\"1080\" src=\"https:\/\/canchammx.com\/wp-content\/uploads\/Luisa.png\" class=\"attachment-full size-full wp-image-1344\" alt=\"\" srcset=\"https:\/\/canchammx.com\/wp-content\/uploads\/Luisa.png 1080w, https:\/\/canchammx.com\/wp-content\/uploads\/Luisa-12x12.png 12w\" sizes=\"(max-width: 1080px) 100vw, 1080px\" \/><\/figure><div class=\"elementor-image-box-content\"><h3 class=\"elementor-image-box-title\">Luisa Vargas<\/h3><p class=\"elementor-image-box-description\">Gestionnaire r\u00e9gional de CANCHAM Occident<br> lvargas@canchammx.com<\/p><\/div><\/div>\t\t\t\t<\/div>\n\t\t\t\t<\/div>\n\t\t<div class=\"elementor-element elementor-element-37b6e01 e-con-full e-flex e-con e-child\" data-id=\"37b6e01\" data-element_type=\"container\" data-e-type=\"container\">\n\t\t\t\t<div class=\"elementor-element elementor-element-be7bd54 elementor-position-top elementor-widget elementor-widget-image-box\" data-id=\"be7bd54\" data-element_type=\"widget\" data-e-type=\"widget\" data-widget_type=\"image-box.default\">\n\t\t\t\t\t<div class=\"elementor-image-box-wrapper\"><figure class=\"elementor-image-box-img\"><img loading=\"lazy\" decoding=\"async\" width=\"1080\" height=\"1080\" src=\"https:\/\/canchammx.com\/wp-content\/uploads\/Alfredo.png\" class=\"attachment-full size-full wp-image-1345\" alt=\"\" srcset=\"https:\/\/canchammx.com\/wp-content\/uploads\/Alfredo.png 1080w, https:\/\/canchammx.com\/wp-content\/uploads\/Alfredo-12x12.png 12w\" sizes=\"(max-width: 1080px) 100vw, 1080px\" \/><\/figure><div class=\"elementor-image-box-content\"><h3 class=\"elementor-image-box-title\">Alfredo Phillips<\/h3><p class=\"elementor-image-box-description\">Coordonnateur des communications et du marketing<br> aphillips@canchammx.com<\/p><\/div><\/div>\t\t\t\t<\/div>\n\t\t\t\t<\/div>\n\t\t<div class=\"elementor-element elementor-element-9e535dc e-con-full e-flex e-con e-child\" data-id=\"9e535dc\" data-element_type=\"container\" data-e-type=\"container\">\n\t\t\t\t<div class=\"elementor-element elementor-element-3c3b068 elementor-position-top elementor-widget elementor-widget-image-box\" data-id=\"3c3b068\" data-element_type=\"widget\" data-e-type=\"widget\" data-widget_type=\"image-box.default\">\n\t\t\t\t\t<div class=\"elementor-image-box-wrapper\"><figure class=\"elementor-image-box-img\"><img loading=\"lazy\" decoding=\"async\" width=\"1080\" height=\"1080\" src=\"https:\/\/canchammx.com\/wp-content\/uploads\/Alejandro.png\" class=\"attachment-full size-full wp-image-1346\" alt=\"\" srcset=\"https:\/\/canchammx.com\/wp-content\/uploads\/Alejandro.png 1080w, https:\/\/canchammx.com\/wp-content\/uploads\/Alejandro-12x12.png 12w\" sizes=\"(max-width: 1080px) 100vw, 1080px\" \/><\/figure><div class=\"elementor-image-box-content\"><h3 class=\"elementor-image-box-title\">Alejandro Hernandez<\/h3><p class=\"elementor-image-box-description\">Cooridnador de eventos<br> ahernandez@canchammx.com<\/p><\/div><\/div>\t\t\t\t<\/div>\n\t\t\t\t<\/div>\n\t\t<div class=\"elementor-element elementor-element-9662e9d e-con-full e-flex e-con e-child\" data-id=\"9662e9d\" data-element_type=\"container\" data-e-type=\"container\">\n\t\t\t\t<div class=\"elementor-element elementor-element-09e4f3d elementor-position-top elementor-widget elementor-widget-image-box\" data-id=\"09e4f3d\" data-element_type=\"widget\" data-e-type=\"widget\" data-widget_type=\"image-box.default\">\n\t\t\t\t\t<div class=\"elementor-image-box-wrapper\"><figure class=\"elementor-image-box-img\"><img loading=\"lazy\" decoding=\"async\" width=\"1080\" height=\"1080\" src=\"https:\/\/canchammx.com\/wp-content\/uploads\/Darian.png\" class=\"attachment-full size-full wp-image-1347\" alt=\"\" srcset=\"https:\/\/canchammx.com\/wp-content\/uploads\/Darian.png 1080w, https:\/\/canchammx.com\/wp-content\/uploads\/Darian-12x12.png 12w\" sizes=\"(max-width: 1080px) 100vw, 1080px\" \/><\/figure><div class=\"elementor-image-box-content\"><h3 class=\"elementor-image-box-title\">Darian Ibarra<\/h3><p class=\"elementor-image-box-description\">Auxiliar Administrativo<br> dibarra@canchammx.com<\/p><\/div><\/div>\t\t\t\t<\/div>\n\t\t\t\t<\/div>\n\t\t\t\t\t<\/div>\n\t\t\t\t<\/div>\n\t\t\t\t<\/div>","protected":false},"excerpt":{"rendered":"<p>Equipo Carla Bustillos Directora General cbustillos@canchammx.com Ivette Flores Gerente Nacional de Administraci\u00f3n y Renovaci\u00f3n de Membres\u00edas iflores@canchammx.com Mar\u00eda Jos\u00e9 Dom\u00ednguez Gerente CanCham Baj\u00edo mjdominguez@canchammx.com Luisa Vargas Gerente CanCham Occidente lvargas@canchammx.com Alfredo Phillips Coordinador de Comunicaci\u00f3n y Marketing aphillips@canchammx.com Alejandro Hernandez Cooridnador de eventos ahernandez@canchammx.com Darian Ibarra Auxiliar Administrativo dibarra@canchammx.com<\/p>","protected":false},"author":1,"featured_media":0,"parent":0,"menu_order":0,"comment_status":"closed","ping_status":"closed","template":"","meta":{"footnotes":""},"class_list":["post-143","page","type-page","status-publish","hentry"],"_links":{"self":[{"href":"https:\/\/canchammx.com\/fr\/wp-json\/wp\/v2\/pages\/143","targetHints":{"allow":["GET"]}}],"collection":[{"href":"https:\/\/canchammx.com\/fr\/wp-json\/wp\/v2\/pages"}],"about":[{"href":"https:\/\/canchammx.com\/fr\/wp-json\/wp\/v2\/types\/page"}],"author":[{"embeddable":true,"href":"https:\/\/canchammx.com\/fr\/wp-json\/wp\/v2\/users\/1"}],"replies":[{"embeddable":true,"href":"https:\/\/canchammx.com\/fr\/wp-json\/wp\/v2\/comments?post=143"}],"version-history":[{"count":28,"href":"https:\/\/canchammx.com\/fr\/wp-json\/wp\/v2\/pages\/143\/revisions"}],"predecessor-version":[{"id":1351,"href":"https:\/\/canchammx.com\/fr\/wp-json\/wp\/v2\/pages\/143\/revisions\/1351"}],"wp:attachment":[{"href":"https:\/\/canchammx.com\/fr\/wp-json\/wp\/v2\/media?parent=143"}],"curies":[{"name":"wp","href":"https:\/\/api.w.org\/{rel}","templated":true}]}}