{"id":315,"date":"2026-01-13T13:48:04","date_gmt":"2026-01-13T19:48:04","guid":{"rendered":"https:\/\/canchammx.playaprojects.com\/?page_id=315"},"modified":"2026-01-20T09:41:13","modified_gmt":"2026-01-20T15:41:13","slug":"blog","status":"publish","type":"page","link":"https:\/\/canchammx.com\/en\/blog\/","title":{"rendered":"Blog"},"content":{"rendered":"<div data-elementor-type=\"wp-page\" data-elementor-id=\"315\" class=\"elementor elementor-315\">\n\t\t\t\t<div class=\"elementor-element elementor-element-dbe87d8 e-con-full e-flex e-con e-parent\" data-id=\"dbe87d8\" data-element_type=\"container\" data-e-type=\"container\" data-settings=\"{&quot;background_background&quot;:&quot;classic&quot;}\">\n\t\t<div class=\"elementor-element elementor-element-52954f7 e-flex e-con-boxed e-con e-child\" data-id=\"52954f7\" data-element_type=\"container\" data-e-type=\"container\">\n\t\t\t\t\t<div class=\"e-con-inner\">\n\t\t\t\t<div class=\"elementor-element elementor-element-40b66d9 elementor-widget elementor-widget-heading\" data-id=\"40b66d9\" data-element_type=\"widget\" data-e-type=\"widget\" data-widget_type=\"heading.default\">\n\t\t\t\t\t<h2 class=\"elementor-heading-title elementor-size-default\">Blog<\/h2>\t\t\t\t<\/div>\n\t\t\t\t<div class=\"elementor-element elementor-element-0836243 elementor-widget elementor-widget-html\" data-id=\"0836243\" data-element_type=\"widget\" data-e-type=\"widget\" data-widget_type=\"html.default\">\n\t\t\t\t\t<div class=\"title-shape\"><\/div>\t\t\t\t<\/div>\n\t\t\t\t\t<\/div>\n\t\t\t\t<\/div>\n\t\t\t\t<\/div>\n\t\t<div class=\"elementor-element elementor-element-4405c41 e-con-full e-flex e-con e-parent\" data-id=\"4405c41\" data-element_type=\"container\" data-e-type=\"container\">\n\t\t<div class=\"elementor-element elementor-element-fa1191f e-flex e-con-boxed e-con e-child\" data-id=\"fa1191f\" data-element_type=\"container\" data-e-type=\"container\">\n\t\t\t\t\t<div class=\"e-con-inner\">\n\t\t\t\t<div class=\"elementor-element elementor-element-52a626c elementor-widget elementor-widget-heading\" data-id=\"52a626c\" data-element_type=\"widget\" data-e-type=\"widget\" data-widget_type=\"heading.default\">\n\t\t\t\t\t<h2 class=\"elementor-heading-title elementor-size-default\">Articles from the Talent, Entrepreneurship and Innovation Committee<\/h2>\t\t\t\t<\/div>\n\t\t\t\t<div class=\"elementor-element elementor-element-7bbce8e elementor-widget elementor-widget-html\" data-id=\"7bbce8e\" data-element_type=\"widget\" data-e-type=\"widget\" data-widget_type=\"html.default\">\n\t\t\t\t\t<div class=\"plecaIzq\"><\/div>\t\t\t\t<\/div>\n\t\t\t\t\t<\/div>\n\t\t\t\t<\/div>\n\t\t\t\t<\/div>\n\t\t<div class=\"elementor-element elementor-element-4a91c46 e-con-full e-flex e-con e-parent\" data-id=\"4a91c46\" data-element_type=\"container\" data-e-type=\"container\">\n\t\t<div class=\"elementor-element elementor-element-9a5e0fe e-flex e-con-boxed e-con e-child\" data-id=\"9a5e0fe\" data-element_type=\"container\" data-e-type=\"container\">\n\t\t\t\t\t<div class=\"e-con-inner\">\n\t\t\t\t<div class=\"elementor-element elementor-element-7a13393 elementor-widget elementor-widget-shortcode\" data-id=\"7a13393\" data-element_type=\"widget\" data-e-type=\"widget\" data-widget_type=\"shortcode.default\">\n\t\t\t\t\t\t\t<div class=\"elementor-shortcode\">    \n        <div class=\"container-fluid\">\n            <div class=\"row noticiasHome\">\n\n                                \n                    <div class=\"col-lg-4 col-xxl-3 mb-4\">\n                      <div class=\"postCont\">\n                        \n                        <!-- Featured image with link -->\n                        <a href=\"https:\/\/canchammx.com\/en\/principales-compromisos-e-iniciativas-en-materia-laboral-del-nuevo-gobierno-de-mexico\/\">\n                            <img fetchpriority=\"high\" decoding=\"async\" width=\"852\" height=\"300\" src=\"https:\/\/canchammx.com\/wp-content\/uploads\/Holland.jpg\" class=\"img-fluid postImg wp-post-image\" alt=\"\" \/>                        <\/a>\n\n                        <!-- Title -->\n                        <p class=\"title mt-2\">\n                            <a href=\"https:\/\/canchammx.com\/en\/principales-compromisos-e-iniciativas-en-materia-laboral-del-nuevo-gobierno-de-mexico\/\">\n                                Main commitments and initiatives in labor matters of the new government of Mexico                            <\/a>\n                        <\/p>\n\n                        <!-- Excerpt (15 words + ...) -->\n                        <p class=\"excerpt\">\n                            Key commitments and initiatives in labor matters of the new Mexican government                        <\/p>\n\n                        <!-- Button -->\n                        <a href=\"https:\/\/canchammx.com\/en\/principales-compromisos-e-iniciativas-en-materia-laboral-del-nuevo-gobierno-de-mexico\/\" class=\"postButton\">\n                            Read more\n                        <\/a>\n                      <\/div>\n\n                    <\/div>\n\n                                \n                    <div class=\"col-lg-4 col-xxl-3 mb-4\">\n                      <div class=\"postCont\">\n                        \n                        <!-- Featured image with link -->\n                        <a href=\"https:\/\/canchammx.com\/en\/de-la-generacion-x-a-la-alfa-la-revolucion-de-un-segundo-pasaporte\/\">\n                            <img decoding=\"async\" width=\"400\" height=\"400\" src=\"https:\/\/canchammx.com\/wp-content\/uploads\/pasaporte.png\" class=\"img-fluid postImg wp-post-image\" alt=\"\" \/>                        <\/a>\n\n                        <!-- Title -->\n                        <p class=\"title mt-2\">\n                            <a href=\"https:\/\/canchammx.com\/en\/de-la-generacion-x-a-la-alfa-la-revolucion-de-un-segundo-pasaporte\/\">\n                                From Generation X to Generation Alpha: The Second Passport Revolution                            <\/a>\n                        <\/p>\n\n                        <!-- Excerpt (15 words + ...) -->\n                        <p class=\"excerpt\">\n                            From Generation X to Generation Alpha: The Second Passport Revolution...                        <\/p>\n\n                        <!-- Button -->\n                        <a href=\"https:\/\/canchammx.com\/en\/de-la-generacion-x-a-la-alfa-la-revolucion-de-un-segundo-pasaporte\/\" class=\"postButton\">\n                            Read more\n                        <\/a>\n                      <\/div>\n\n                    <\/div>\n\n                            \n            <\/div>\n        <\/div>\n\n    \n<\/div>\n\t\t\t\t\t\t<\/div>\n\t\t\t\t\t<\/div>\n\t\t\t\t<\/div>\n\t\t\t\t<\/div>\n\t\t<div class=\"elementor-element elementor-element-196b381 e-con-full e-flex e-con e-parent\" data-id=\"196b381\" data-element_type=\"container\" data-e-type=\"container\">\n\t\t<div class=\"elementor-element elementor-element-4a989d6 e-flex e-con-boxed e-con e-child\" data-id=\"4a989d6\" data-element_type=\"container\" data-e-type=\"container\">\n\t\t\t\t\t<div class=\"e-con-inner\">\n\t\t\t\t<div class=\"elementor-element elementor-element-e51d576 elementor-widget elementor-widget-heading\" data-id=\"e51d576\" data-element_type=\"widget\" data-e-type=\"widget\" data-widget_type=\"heading.default\">\n\t\t\t\t\t<h2 class=\"elementor-heading-title elementor-size-default\">Education Articles<\/h2>\t\t\t\t<\/div>\n\t\t\t\t<div class=\"elementor-element elementor-element-b6b1643 elementor-widget elementor-widget-html\" data-id=\"b6b1643\" data-element_type=\"widget\" data-e-type=\"widget\" data-widget_type=\"html.default\">\n\t\t\t\t\t<div class=\"plecaIzq\"><\/div>\t\t\t\t<\/div>\n\t\t\t\t\t<\/div>\n\t\t\t\t<\/div>\n\t\t\t\t<\/div>\n\t\t<div class=\"elementor-element elementor-element-368d6a3 e-con-full e-flex e-con e-parent\" data-id=\"368d6a3\" data-element_type=\"container\" data-e-type=\"container\">\n\t\t<div class=\"elementor-element elementor-element-9443201 e-flex e-con-boxed e-con e-child\" data-id=\"9443201\" data-element_type=\"container\" data-e-type=\"container\">\n\t\t\t\t\t<div class=\"e-con-inner\">\n\t\t\t\t<div class=\"elementor-element elementor-element-dccfd4f elementor-widget elementor-widget-shortcode\" data-id=\"dccfd4f\" data-element_type=\"widget\" data-e-type=\"widget\" data-widget_type=\"shortcode.default\">\n\t\t\t\t\t\t\t<div class=\"elementor-shortcode\">    \n        <div class=\"container-fluid\">\n            <div class=\"row educacionHome\">\n\n                                \n                    <div class=\"col-lg-4 col-xxl-3 mb-4\">\n                        <div class=\"postCont\">\n\n                            <!-- Imagen destacada -->\n                            <a href=\"https:\/\/canchammx.com\/en\/seneca-polytechnic-esta-redefiniendo-las-instalaciones-recreativas-del-siglo-xxi\/\">\n                                <img decoding=\"async\" width=\"1170\" height=\"658\" src=\"https:\/\/canchammx.com\/wp-content\/uploads\/Wellness_Centre_Seneca_HR.jpg.png\" class=\"img-fluid postImg wp-post-image\" alt=\"\" \/>                            <\/a>\n\n                            <!-- T\u00edtulo -->\n                            <p class=\"title mt-2\">\n                                <a href=\"https:\/\/canchammx.com\/en\/seneca-polytechnic-esta-redefiniendo-las-instalaciones-recreativas-del-siglo-xxi\/\">\n                                    Seneca Polytechnic is redefining 21st-century recreational facilities                                <\/a>\n                            <\/p>\n\n                            <!-- Extracto -->\n                            <p class=\"excerpt\">\n                                Seneca Polytechnic is redefining 21st-century recreational facilities.                            <\/p>\n\n                            <!-- Bot\u00f3n -->\n                            <a href=\"https:\/\/canchammx.com\/en\/seneca-polytechnic-esta-redefiniendo-las-instalaciones-recreativas-del-siglo-xxi\/\" class=\"postButton\">\n                                Read more\n                            <\/a>\n\n                        <\/div>\n                    <\/div>\n\n                                \n                    <div class=\"col-lg-4 col-xxl-3 mb-4\">\n                        <div class=\"postCont\">\n\n                            <!-- Imagen destacada -->\n                            <a href=\"https:\/\/canchammx.com\/en\/cambios-en-las-regulaciones-de-ircc-para-estudiantes-internacionales-y-sus-dependientes-economicos\/\">\n                                <img loading=\"lazy\" decoding=\"async\" width=\"214\" height=\"144\" src=\"https:\/\/canchammx.com\/wp-content\/uploads\/desk.jpeg\" class=\"img-fluid postImg wp-post-image\" alt=\"\" \/>                            <\/a>\n\n                            <!-- T\u00edtulo -->\n                            <p class=\"title mt-2\">\n                                <a href=\"https:\/\/canchammx.com\/en\/cambios-en-las-regulaciones-de-ircc-para-estudiantes-internacionales-y-sus-dependientes-economicos\/\">\n                                    Changes to IRCC Regulations for International Students and their Financial Dependents                                <\/a>\n                            <\/p>\n\n                            <!-- Extracto -->\n                            <p class=\"excerpt\">\n                                Changes to IRCC Regulations for International Students and their Financial Dependents                            <\/p>\n\n                            <!-- Bot\u00f3n -->\n                            <a href=\"https:\/\/canchammx.com\/en\/cambios-en-las-regulaciones-de-ircc-para-estudiantes-internacionales-y-sus-dependientes-economicos\/\" class=\"postButton\">\n                                Read more\n                            <\/a>\n\n                        <\/div>\n                    <\/div>\n\n                                \n                    <div class=\"col-lg-4 col-xxl-3 mb-4\">\n                        <div class=\"postCont\">\n\n                            <!-- Imagen destacada -->\n                            <a href=\"https:\/\/canchammx.com\/en\/educacion-mexico-canada\/\">\n                                <img loading=\"lazy\" decoding=\"async\" width=\"275\" height=\"183\" src=\"https:\/\/canchammx.com\/wp-content\/uploads\/canada.jpeg\" class=\"img-fluid postImg wp-post-image\" alt=\"\" \/>                            <\/a>\n\n                            <!-- T\u00edtulo -->\n                            <p class=\"title mt-2\">\n                                <a href=\"https:\/\/canchammx.com\/en\/educacion-mexico-canada\/\">\n                                    Educaci\u00f3n M\u00e9xico &#8211; Canad\u00e1                                <\/a>\n                            <\/p>\n\n                            <!-- Extracto -->\n                            <p class=\"excerpt\">\n                                Mexico-Canada Education Mexico-Canada Education Immigration Updates for Students to Canada Our...                            <\/p>\n\n                            <!-- Bot\u00f3n -->\n                            <a href=\"https:\/\/canchammx.com\/en\/educacion-mexico-canada\/\" class=\"postButton\">\n                                Read more\n                            <\/a>\n\n                        <\/div>\n                    <\/div>\n\n                                \n                    <div class=\"col-lg-4 col-xxl-3 mb-4\">\n                        <div class=\"postCont\">\n\n                            <!-- Imagen destacada -->\n                            <a href=\"https:\/\/canchammx.com\/en\/estudiar-en-canada-la-decision-que-transformara-el-futuro-de-tu-hijo\/\">\n                                <img loading=\"lazy\" decoding=\"async\" width=\"350\" height=\"263\" src=\"https:\/\/canchammx.com\/wp-content\/uploads\/Logo-Global-Education-x350.png\" class=\"img-fluid postImg wp-post-image\" alt=\"\" \/>                            <\/a>\n\n                            <!-- T\u00edtulo -->\n                            <p class=\"title mt-2\">\n                                <a href=\"https:\/\/canchammx.com\/en\/estudiar-en-canada-la-decision-que-transformara-el-futuro-de-tu-hijo\/\">\n                                    Studying in Canada: the decision that will transform your child's future                                <\/a>\n                            <\/p>\n\n                            <!-- Extracto -->\n                            <p class=\"excerpt\">\n                                Studying in Canada: The decision that will transform your child's future. Studying in Canada:...                            <\/p>\n\n                            <!-- Bot\u00f3n -->\n                            <a href=\"https:\/\/canchammx.com\/en\/estudiar-en-canada-la-decision-que-transformara-el-futuro-de-tu-hijo\/\" class=\"postButton\">\n                                Read more\n                            <\/a>\n\n                        <\/div>\n                    <\/div>\n\n                                \n                    <div class=\"col-lg-4 col-xxl-3 mb-4\">\n                        <div class=\"postCont\">\n\n                            <!-- Imagen destacada -->\n                            <a href=\"https:\/\/canchammx.com\/en\/olds-college-por-que-la-agricultura-es-denominada-como-una-carrera-del-futuro-a-nivel-global\/\">\n                                <img loading=\"lazy\" decoding=\"async\" width=\"1967\" height=\"495\" src=\"https:\/\/canchammx.com\/wp-content\/uploads\/collage.png\" class=\"img-fluid postImg wp-post-image\" alt=\"\" \/>                            <\/a>\n\n                            <!-- T\u00edtulo -->\n                            <p class=\"title mt-2\">\n                                <a href=\"https:\/\/canchammx.com\/en\/olds-college-por-que-la-agricultura-es-denominada-como-una-carrera-del-futuro-a-nivel-global\/\">\n                                    Olds College &#8211; \u00bfPor qu\u00e9 la agricultura es denominada como una carrera del futuro a nivel global?                                <\/a>\n                            <\/p>\n\n                            <!-- Extracto -->\n                            <p class=\"excerpt\">\n                                Olds College \u2013 Why is agriculture being called a career of the future?                            <\/p>\n\n                            <!-- Bot\u00f3n -->\n                            <a href=\"https:\/\/canchammx.com\/en\/olds-college-por-que-la-agricultura-es-denominada-como-una-carrera-del-futuro-a-nivel-global\/\" class=\"postButton\">\n                                Read more\n                            <\/a>\n\n                        <\/div>\n                    <\/div>\n\n                            \n            <\/div>\n        <\/div>\n\n    <\/div>\n\t\t\t\t\t\t<\/div>\n\t\t\t\t\t<\/div>\n\t\t\t\t<\/div>\n\t\t\t\t<\/div>\n\t\t\t\t<\/div>","protected":false},"excerpt":{"rendered":"<p>Blog Articulos de Comit\u00e9 Talento, Emprendimiento e Innovaci\u00f3n Articulos de Educaci\u00f3n<\/p>","protected":false},"author":1,"featured_media":0,"parent":0,"menu_order":0,"comment_status":"closed","ping_status":"closed","template":"","meta":{"footnotes":""},"class_list":["post-315","page","type-page","status-publish","hentry"],"_links":{"self":[{"href":"https:\/\/canchammx.com\/en\/wp-json\/wp\/v2\/pages\/315","targetHints":{"allow":["GET"]}}],"collection":[{"href":"https:\/\/canchammx.com\/en\/wp-json\/wp\/v2\/pages"}],"about":[{"href":"https:\/\/canchammx.com\/en\/wp-json\/wp\/v2\/types\/page"}],"author":[{"embeddable":true,"href":"https:\/\/canchammx.com\/en\/wp-json\/wp\/v2\/users\/1"}],"replies":[{"embeddable":true,"href":"https:\/\/canchammx.com\/en\/wp-json\/wp\/v2\/comments?post=315"}],"version-history":[{"count":25,"href":"https:\/\/canchammx.com\/en\/wp-json\/wp\/v2\/pages\/315\/revisions"}],"predecessor-version":[{"id":536,"href":"https:\/\/canchammx.com\/en\/wp-json\/wp\/v2\/pages\/315\/revisions\/536"}],"wp:attachment":[{"href":"https:\/\/canchammx.com\/en\/wp-json\/wp\/v2\/media?parent=315"}],"curies":[{"name":"wp","href":"https:\/\/api.w.org\/{rel}","templated":true}]}}