{"id":196,"date":"2026-01-12T12:44:41","date_gmt":"2026-01-12T18:44:41","guid":{"rendered":"https:\/\/canchammx.playaprojects.com\/?page_id=196"},"modified":"2026-01-20T09:42:06","modified_gmt":"2026-01-20T15:42:06","slug":"csr","status":"publish","type":"page","link":"https:\/\/canchammx.com\/en\/csr\/","title":{"rendered":"CSR"},"content":{"rendered":"<div data-elementor-type=\"wp-page\" data-elementor-id=\"196\" class=\"elementor elementor-196\">\n\t\t\t\t<div class=\"elementor-element elementor-element-6a004a4 e-con-full e-flex e-con e-parent\" data-id=\"6a004a4\" data-element_type=\"container\" data-e-type=\"container\" data-settings=\"{&quot;background_background&quot;:&quot;classic&quot;}\">\n\t\t<div class=\"elementor-element elementor-element-e5c72f4 e-flex e-con-boxed e-con e-child\" data-id=\"e5c72f4\" data-element_type=\"container\" data-e-type=\"container\">\n\t\t\t\t\t<div class=\"e-con-inner\">\n\t\t\t\t<div class=\"elementor-element elementor-element-8c193f4 elementor-widget elementor-widget-heading\" data-id=\"8c193f4\" data-element_type=\"widget\" data-e-type=\"widget\" data-widget_type=\"heading.default\">\n\t\t\t\t\t<h2 class=\"elementor-heading-title elementor-size-default\">CSR of Canadian companies in Mexico<\/h2>\t\t\t\t<\/div>\n\t\t\t\t<div class=\"elementor-element elementor-element-18eed92 elementor-widget elementor-widget-html\" data-id=\"18eed92\" data-element_type=\"widget\" data-e-type=\"widget\" data-widget_type=\"html.default\">\n\t\t\t\t\t<div class=\"title-shape\"><\/div>\t\t\t\t<\/div>\n\t\t\t\t\t<\/div>\n\t\t\t\t<\/div>\n\t\t\t\t<\/div>\n\t\t<div class=\"elementor-element elementor-element-7dc2e78 e-con-full e-flex e-con e-parent\" data-id=\"7dc2e78\" data-element_type=\"container\" data-e-type=\"container\">\n\t\t<div class=\"elementor-element elementor-element-3305543 e-flex e-con-boxed e-con e-child\" data-id=\"3305543\" data-element_type=\"container\" data-e-type=\"container\">\n\t\t\t\t\t<div class=\"e-con-inner\">\n\t\t\t\t<div class=\"elementor-element elementor-element-f6cd444 elementor-widget elementor-widget-text-editor\" data-id=\"f6cd444\" data-element_type=\"widget\" data-e-type=\"widget\" data-widget_type=\"text-editor.default\">\n\t\t\t\t\t\t\t\t\t<h4>The Canadian Chamber of Commerce in Mexico is the voice of Canadian businesses. Being part of a responsible Canadian business community in Mexico means sharing common values:<\/h4>\t\t\t\t\t\t\t\t<\/div>\n\t\t\t\t\t<\/div>\n\t\t\t\t<\/div>\n\t\t\t\t<\/div>\n\t\t<div class=\"elementor-element elementor-element-576a3bf e-con-full e-flex e-con e-parent\" data-id=\"576a3bf\" data-element_type=\"container\" data-e-type=\"container\">\n\t\t<div class=\"elementor-element elementor-element-fc944d3 e-flex e-con-boxed e-con e-child\" data-id=\"fc944d3\" data-element_type=\"container\" data-e-type=\"container\">\n\t\t\t\t\t<div class=\"e-con-inner\">\n\t\t\t\t<div class=\"elementor-element elementor-element-d0c856c elementor-widget elementor-widget-heading\" data-id=\"d0c856c\" data-element_type=\"widget\" data-e-type=\"widget\" data-widget_type=\"heading.default\">\n\t\t\t\t\t<h2 class=\"elementor-heading-title elementor-size-default\">Ethics<\/h2>\t\t\t\t<\/div>\n\t\t\t\t<div class=\"elementor-element elementor-element-0882d2f elementor-widget elementor-widget-html\" data-id=\"0882d2f\" data-element_type=\"widget\" data-e-type=\"widget\" data-widget_type=\"html.default\">\n\t\t\t\t\t<p class=\"pleca-izquierda\">&nbsp;<\/p>\t\t\t\t<\/div>\n\t\t\t\t\t<\/div>\n\t\t\t\t<\/div>\n\t\t\t\t<\/div>\n\t\t<div class=\"elementor-element elementor-element-7a752a2 e-con-full e-flex e-con e-parent\" data-id=\"7a752a2\" data-element_type=\"container\" data-e-type=\"container\">\n\t\t<div class=\"elementor-element elementor-element-5eec860 e-flex e-con-boxed e-con e-child\" data-id=\"5eec860\" data-element_type=\"container\" data-e-type=\"container\">\n\t\t\t\t\t<div class=\"e-con-inner\">\n\t\t\t\t<div class=\"elementor-element elementor-element-3a2a892 elementor-widget elementor-widget-text-editor\" data-id=\"3a2a892\" data-element_type=\"widget\" data-e-type=\"widget\" data-widget_type=\"text-editor.default\">\n\t\t\t\t\t\t\t\t\t<p>The CanCham and its partners believe that business ethics is a fundamental element of productive business practices. The ethical operation of a company requires respect for current legislation in Mexico.<\/p><p>Canadian companies established in Mexican territory conduct their business with honesty, respect for the environment, society and labor, integrity and impartiality, and under the highest national and international quality standards.<\/p>\t\t\t\t\t\t\t\t<\/div>\n\t\t\t\t\t<\/div>\n\t\t\t\t<\/div>\n\t\t\t\t<\/div>\n\t\t<div class=\"elementor-element elementor-element-fc5183e e-con-full e-flex e-con e-parent\" data-id=\"fc5183e\" data-element_type=\"container\" data-e-type=\"container\">\n\t\t<div class=\"elementor-element elementor-element-35a7c5a e-flex e-con-boxed e-con e-child\" data-id=\"35a7c5a\" data-element_type=\"container\" data-e-type=\"container\">\n\t\t\t\t\t<div class=\"e-con-inner\">\n\t\t\t\t<div class=\"elementor-element elementor-element-2d789fc elementor-widget elementor-widget-heading\" data-id=\"2d789fc\" data-element_type=\"widget\" data-e-type=\"widget\" data-widget_type=\"heading.default\">\n\t\t\t\t\t<h2 class=\"elementor-heading-title elementor-size-default\">Environment<\/h2>\t\t\t\t<\/div>\n\t\t\t\t<div class=\"elementor-element elementor-element-c7f23db elementor-widget elementor-widget-html\" data-id=\"c7f23db\" data-element_type=\"widget\" data-e-type=\"widget\" data-widget_type=\"html.default\">\n\t\t\t\t\t<p class=\"pleca-izquierda\">&nbsp;<\/p>\t\t\t\t<\/div>\n\t\t\t\t\t<\/div>\n\t\t\t\t<\/div>\n\t\t\t\t<\/div>\n\t\t<div class=\"elementor-element elementor-element-57d840c e-con-full e-flex e-con e-parent\" data-id=\"57d840c\" data-element_type=\"container\" data-e-type=\"container\">\n\t\t<div class=\"elementor-element elementor-element-74bf397 e-flex e-con-boxed e-con e-child\" data-id=\"74bf397\" data-element_type=\"container\" data-e-type=\"container\">\n\t\t\t\t\t<div class=\"e-con-inner\">\n\t\t\t\t<div class=\"elementor-element elementor-element-5363cae elementor-widget elementor-widget-text-editor\" data-id=\"5363cae\" data-element_type=\"widget\" data-e-type=\"widget\" data-widget_type=\"text-editor.default\">\n\t\t\t\t\t\t\t\t\t<p>Our partners are committed to protecting the environment, working with the highest standards of environmental protection and remediation in Canada and Mexico, and always evaluating the level of environmental impact of the projects to be financed beforehand, among other initiatives.<\/p>\t\t\t\t\t\t\t\t<\/div>\n\t\t\t\t\t<\/div>\n\t\t\t\t<\/div>\n\t\t\t\t<\/div>\n\t\t<div class=\"elementor-element elementor-element-4c6ccfd e-con-full e-flex e-con e-parent\" data-id=\"4c6ccfd\" data-element_type=\"container\" data-e-type=\"container\">\n\t\t<div class=\"elementor-element elementor-element-4e5ef67 e-flex e-con-boxed e-con e-child\" data-id=\"4e5ef67\" data-element_type=\"container\" data-e-type=\"container\">\n\t\t\t\t\t<div class=\"e-con-inner\">\n\t\t\t\t<div class=\"elementor-element elementor-element-62201ac elementor-widget elementor-widget-heading\" data-id=\"62201ac\" data-element_type=\"widget\" data-e-type=\"widget\" data-widget_type=\"heading.default\">\n\t\t\t\t\t<h2 class=\"elementor-heading-title elementor-size-default\">Transparency<\/h2>\t\t\t\t<\/div>\n\t\t\t\t<div class=\"elementor-element elementor-element-bd898b2 elementor-widget elementor-widget-html\" data-id=\"bd898b2\" data-element_type=\"widget\" data-e-type=\"widget\" data-widget_type=\"html.default\">\n\t\t\t\t\t<p class=\"pleca-izquierda\">&nbsp;<\/p>\t\t\t\t<\/div>\n\t\t\t\t\t<\/div>\n\t\t\t\t<\/div>\n\t\t\t\t<\/div>\n\t\t<div class=\"elementor-element elementor-element-7bed307 e-con-full e-flex e-con e-parent\" data-id=\"7bed307\" data-element_type=\"container\" data-e-type=\"container\">\n\t\t<div class=\"elementor-element elementor-element-bab5bc0 e-flex e-con-boxed e-con e-child\" data-id=\"bab5bc0\" data-element_type=\"container\" data-e-type=\"container\">\n\t\t\t\t\t<div class=\"e-con-inner\">\n\t\t\t\t<div class=\"elementor-element elementor-element-3b303df elementor-widget elementor-widget-text-editor\" data-id=\"3b303df\" data-element_type=\"widget\" data-e-type=\"widget\" data-widget_type=\"text-editor.default\">\n\t\t\t\t\t\t\t\t\t<p>Our partners operate with absolute transparency, reporting to numerous stakeholders, including their shareholders, customers, and employees, as well as the local communities, governments, and national and international interest groups that host and support us.<\/p><p>The CanCham believes that business should always be conducted transparently in order to maintain the trust of all stakeholders while protecting the confidentiality of business interests.<\/p>\t\t\t\t\t\t\t\t<\/div>\n\t\t\t\t\t<\/div>\n\t\t\t\t<\/div>\n\t\t\t\t<\/div>\n\t\t<div class=\"elementor-element elementor-element-a6bc6c2 e-con-full e-flex e-con e-parent\" data-id=\"a6bc6c2\" data-element_type=\"container\" data-e-type=\"container\">\n\t\t<div class=\"elementor-element elementor-element-57c49a8 e-flex e-con-boxed e-con e-child\" data-id=\"57c49a8\" data-element_type=\"container\" data-e-type=\"container\">\n\t\t\t\t\t<div class=\"e-con-inner\">\n\t\t\t\t<div class=\"elementor-element elementor-element-27a085b elementor-widget elementor-widget-heading\" data-id=\"27a085b\" data-element_type=\"widget\" data-e-type=\"widget\" data-widget_type=\"heading.default\">\n\t\t\t\t\t<h2 class=\"elementor-heading-title elementor-size-default\">Investment in the community<\/h2>\t\t\t\t<\/div>\n\t\t\t\t<div class=\"elementor-element elementor-element-bf2bf79 elementor-widget elementor-widget-html\" data-id=\"bf2bf79\" data-element_type=\"widget\" data-e-type=\"widget\" data-widget_type=\"html.default\">\n\t\t\t\t\t<p class=\"pleca-izquierda\">&nbsp;<\/p>\t\t\t\t<\/div>\n\t\t\t\t\t<\/div>\n\t\t\t\t<\/div>\n\t\t\t\t<\/div>\n\t\t<div class=\"elementor-element elementor-element-3dce4da e-con-full e-flex e-con e-parent\" data-id=\"3dce4da\" data-element_type=\"container\" data-e-type=\"container\">\n\t\t<div class=\"elementor-element elementor-element-a7cb1e5 e-flex e-con-boxed e-con e-child\" data-id=\"a7cb1e5\" data-element_type=\"container\" data-e-type=\"container\">\n\t\t\t\t\t<div class=\"e-con-inner\">\n\t\t\t\t<div class=\"elementor-element elementor-element-0671c53 elementor-widget elementor-widget-text-editor\" data-id=\"0671c53\" data-element_type=\"widget\" data-e-type=\"widget\" data-widget_type=\"text-editor.default\">\n\t\t\t\t\t\t\t\t\t<p>For CanCham and its members, it is important to invest in the community we serve and of which we are a part. We are proud of our members and the efforts they make every day.<\/p><p>For CanCham and the Canadian business community in Mexico, it is important to invest in the communities where they work, incorporating them appropriately into the processes, respecting the environment and their culture, creating a philosophy of solidarity and good neighborliness.<\/p>\t\t\t\t\t\t\t\t<\/div>\n\t\t\t\t\t<\/div>\n\t\t\t\t<\/div>\n\t\t\t\t<\/div>\n\t\t<div class=\"elementor-element elementor-element-9d0cbd1 e-con-full e-flex e-con e-parent\" data-id=\"9d0cbd1\" data-element_type=\"container\" data-e-type=\"container\">\n\t\t<div class=\"elementor-element elementor-element-0bce2d0 e-flex e-con-boxed e-con e-child\" data-id=\"0bce2d0\" data-element_type=\"container\" data-e-type=\"container\">\n\t\t\t\t\t<div class=\"e-con-inner\">\n\t\t\t\t<div class=\"elementor-element elementor-element-0b4ef93 elementor-widget elementor-widget-heading\" data-id=\"0b4ef93\" data-element_type=\"widget\" data-e-type=\"widget\" data-widget_type=\"heading.default\">\n\t\t\t\t\t<h2 class=\"elementor-heading-title elementor-size-default\">Solidarity<\/h2>\t\t\t\t<\/div>\n\t\t\t\t<div class=\"elementor-element elementor-element-44bee88 elementor-widget elementor-widget-html\" data-id=\"44bee88\" data-element_type=\"widget\" data-e-type=\"widget\" data-widget_type=\"html.default\">\n\t\t\t\t\t<p class=\"pleca-izquierda\">&nbsp;<\/p>\t\t\t\t<\/div>\n\t\t\t\t\t<\/div>\n\t\t\t\t<\/div>\n\t\t\t\t<\/div>\n\t\t<div class=\"elementor-element elementor-element-b551336 e-con-full e-flex e-con e-parent\" data-id=\"b551336\" data-element_type=\"container\" data-e-type=\"container\">\n\t\t<div class=\"elementor-element elementor-element-47fb6a1 e-flex e-con-boxed e-con e-child\" data-id=\"47fb6a1\" data-element_type=\"container\" data-e-type=\"container\">\n\t\t\t\t\t<div class=\"e-con-inner\">\n\t\t\t\t<div class=\"elementor-element elementor-element-c954ac7 elementor-widget elementor-widget-text-editor\" data-id=\"c954ac7\" data-element_type=\"widget\" data-e-type=\"widget\" data-widget_type=\"text-editor.default\">\n\t\t\t\t\t\t\t\t\t<p>The members of CanCham recognize that solidarity is a fundamental value that is not limited to the various forms of assistance, but to the continuous effort to enable a greater number of people to become economically independent.<\/p>\t\t\t\t\t\t\t\t<\/div>\n\t\t\t\t\t<\/div>\n\t\t\t\t<\/div>\n\t\t\t\t<\/div>\n\t\t\t\t<\/div>","protected":false},"excerpt":{"rendered":"<p>CSR de las empresas canadienses en M\u00e9xico La C\u00e1mara de Comercio del Canad\u00e1 en M\u00e9xico es voz de las empresas canadienses. Formar parte de una comunidad responsable de negocios canadiense en M\u00e9xico, significa compartir valores comunes: \u00c9tica &nbsp; La CanCham y sus socios consideran que la \u00e9tica empresarial es un elemento fundamental de las pr\u00e1cticas [&hellip;]<\/p>","protected":false},"author":1,"featured_media":0,"parent":0,"menu_order":0,"comment_status":"closed","ping_status":"closed","template":"","meta":{"footnotes":""},"class_list":["post-196","page","type-page","status-publish","hentry"],"_links":{"self":[{"href":"https:\/\/canchammx.com\/en\/wp-json\/wp\/v2\/pages\/196","targetHints":{"allow":["GET"]}}],"collection":[{"href":"https:\/\/canchammx.com\/en\/wp-json\/wp\/v2\/pages"}],"about":[{"href":"https:\/\/canchammx.com\/en\/wp-json\/wp\/v2\/types\/page"}],"author":[{"embeddable":true,"href":"https:\/\/canchammx.com\/en\/wp-json\/wp\/v2\/users\/1"}],"replies":[{"embeddable":true,"href":"https:\/\/canchammx.com\/en\/wp-json\/wp\/v2\/comments?post=196"}],"version-history":[{"count":16,"href":"https:\/\/canchammx.com\/en\/wp-json\/wp\/v2\/pages\/196\/revisions"}],"predecessor-version":[{"id":213,"href":"https:\/\/canchammx.com\/en\/wp-json\/wp\/v2\/pages\/196\/revisions\/213"}],"wp:attachment":[{"href":"https:\/\/canchammx.com\/en\/wp-json\/wp\/v2\/media?parent=196"}],"curies":[{"name":"wp","href":"https:\/\/api.w.org\/{rel}","templated":true}]}}