{"id":177,"date":"2026-01-12T12:31:18","date_gmt":"2026-01-12T18:31:18","guid":{"rendered":"https:\/\/canchammx.playaprojects.com\/?page_id=177"},"modified":"2026-01-20T09:42:01","modified_gmt":"2026-01-20T15:42:01","slug":"convenios","status":"publish","type":"page","link":"https:\/\/canchammx.com\/en\/convenios\/","title":{"rendered":"Agreements"},"content":{"rendered":"<div data-elementor-type=\"wp-page\" data-elementor-id=\"177\" class=\"elementor elementor-177\">\n\t\t\t\t<div class=\"elementor-element elementor-element-be429f0 e-con-full e-flex e-con e-parent\" data-id=\"be429f0\" data-element_type=\"container\" data-e-type=\"container\" data-settings=\"{&quot;background_background&quot;:&quot;classic&quot;}\">\n\t\t<div class=\"elementor-element elementor-element-75b0577 e-flex e-con-boxed e-con e-child\" data-id=\"75b0577\" data-element_type=\"container\" data-e-type=\"container\">\n\t\t\t\t\t<div class=\"e-con-inner\">\n\t\t\t\t<div class=\"elementor-element elementor-element-2160630 elementor-widget elementor-widget-heading\" data-id=\"2160630\" data-element_type=\"widget\" data-e-type=\"widget\" data-widget_type=\"heading.default\">\n\t\t\t\t\t<h2 class=\"elementor-heading-title elementor-size-default\">Agreements<\/h2>\t\t\t\t<\/div>\n\t\t\t\t<div class=\"elementor-element elementor-element-2561bda elementor-widget elementor-widget-html\" data-id=\"2561bda\" data-element_type=\"widget\" data-e-type=\"widget\" data-widget_type=\"html.default\">\n\t\t\t\t\t<div class=\"title-shape\"><\/div>\t\t\t\t<\/div>\n\t\t\t\t\t<\/div>\n\t\t\t\t<\/div>\n\t\t\t\t<\/div>\n\t\t<div class=\"elementor-element elementor-element-dbdbc85 e-con-full e-flex e-con e-parent\" data-id=\"dbdbc85\" data-element_type=\"container\" data-e-type=\"container\">\n\t\t<div class=\"elementor-element elementor-element-0b521fd e-flex e-con-boxed e-con e-child\" data-id=\"0b521fd\" data-element_type=\"container\" data-e-type=\"container\">\n\t\t\t\t\t<div class=\"e-con-inner\">\n\t\t\t\t<div class=\"elementor-element elementor-element-28b5b5f elementor-widget elementor-widget-heading\" data-id=\"28b5b5f\" data-element_type=\"widget\" data-e-type=\"widget\" data-widget_type=\"heading.default\">\n\t\t\t\t\t<h2 class=\"elementor-heading-title elementor-size-default\">Agreements<\/h2>\t\t\t\t<\/div>\n\t\t\t\t<div class=\"elementor-element elementor-element-bbb1d34 elementor-widget elementor-widget-html\" data-id=\"bbb1d34\" data-element_type=\"widget\" data-e-type=\"widget\" data-widget_type=\"html.default\">\n\t\t\t\t\t<div class=\"plecaIzq\">&nbsp;<\/div>\t\t\t\t<\/div>\n\t\t\t\t\t<\/div>\n\t\t\t\t<\/div>\n\t\t\t\t<\/div>\n\t\t<div class=\"elementor-element elementor-element-df5641d e-con-full e-flex e-con e-parent\" data-id=\"df5641d\" data-element_type=\"container\" data-e-type=\"container\">\n\t\t<div class=\"elementor-element elementor-element-8e1148b e-flex e-con-boxed e-con e-child\" data-id=\"8e1148b\" data-element_type=\"container\" data-e-type=\"container\">\n\t\t\t\t\t<div class=\"e-con-inner\">\n\t\t\t\t<div class=\"elementor-element elementor-element-f8fd5b2 elementor-widget elementor-widget-text-editor\" data-id=\"f8fd5b2\" data-element_type=\"widget\" data-e-type=\"widget\" data-widget_type=\"text-editor.default\">\n\t\t\t\t\t\t\t\t\tThe Canadian Chamber of Commerce in Mexico is constantly seeking to improve its services and offer added value to its members. For this reason, we are pleased to share the current agreements and discounts. CanCham's agreements with our members:\n<ul>\n \t<li><strong>Air Canada M\u00e9xico<\/strong><\/li>\n \t<li><strong>Tim Hortons<\/strong><\/li>\n<\/ul>\n<u>Mexico City\u00a0<\/u>\n<ul>\n \t<li><strong>Hotel Marquis Reforma CDMX\u00a0<\/strong><\/li>\n<\/ul>\n<u>Quer\u00e9taro<\/u>\n<ul>\n \t<li><strong>Hotel Hercules\u00a0<\/strong><\/li>\n \t<li><strong>Hacienda \u00c1lamos \u2013 Lodging\u00a0<\/strong><\/li>\n \t<li><strong>Psi Espacio \u2013 Productivity and mental health<\/strong><\/li>\n \t<li><strong>Event Hall \u2013 Entrelago\u00a0<\/strong><\/li>\n \t<li><strong>Hacienda Jurica by Brisas\u00a0<\/strong><\/li>\n<\/ul>\n<u>Guadalajara, Jalisco<\/u>\n<ul>\n \t<li><strong>Hyatt Regency Andares Guadalajara\u00a0<\/strong><\/li>\n<\/ul>\nTake advantage of them!\n\n<strong>Note<\/strong>To be eligible for these benefits, the following is required:\n\n<p class=\"bulletRojo\">Be an active member of CanCham<\/p>Be an active member of CanCham\t\t\t\t\t\t\t\t<\/div>\n\t\t\t\t\t<\/div>\n\t\t\t\t<\/div>\n\t\t\t\t<\/div>\n\t\t<div class=\"elementor-element elementor-element-7a01989 e-con-full e-flex e-con e-parent\" data-id=\"7a01989\" data-element_type=\"container\" data-e-type=\"container\">\n\t\t<div class=\"elementor-element elementor-element-5dda70f e-flex e-con-boxed e-con e-child\" data-id=\"5dda70f\" data-element_type=\"container\" data-e-type=\"container\">\n\t\t\t\t\t<div class=\"e-con-inner\">\n\t\t\t\t<div class=\"elementor-element elementor-element-ece8952 e-n-tabs-mobile elementor-widget elementor-widget-n-tabs\" data-id=\"ece8952\" data-element_type=\"widget\" data-e-type=\"widget\" data-settings=\"{&quot;horizontal_scroll&quot;:&quot;disable&quot;}\" data-widget_type=\"nested-tabs.default\">\n\t\t\t\t\t\t\t<div class=\"e-n-tabs\" data-widget-number=\"248416594\" aria-label=\"Tabs. Open items with Enter or Space, close with Escape and navigate using the Arrow keys.\" data-no-translation-aria-label=\"\">\n\t\t\t<div class=\"e-n-tabs-heading\" role=\"tablist\">\n\t\t\t\t\t<button id=\"e-n-tab-title-2484165941\" data-tab-title-id=\"e-n-tab-title-2484165941\" class=\"e-n-tab-title\" aria-selected=\"true\" data-tab-index=\"1\" role=\"tab\" tabindex=\"0\" aria-controls=\"e-n-tab-content-2484165941\" style=\"--n-tabs-title-order: 1;\">\n\t\t\t\t\t\t<span class=\"e-n-tab-title-text\">\n\t\t\t\tAIR CANADA\t\t\t<\/span>\n\t\t<\/button>\n\t\t\t\t<button id=\"e-n-tab-title-2484165942\" data-tab-title-id=\"e-n-tab-title-2484165942\" class=\"e-n-tab-title\" aria-selected=\"false\" data-tab-index=\"2\" role=\"tab\" tabindex=\"-1\" aria-controls=\"e-n-tab-content-2484165942\" style=\"--n-tabs-title-order: 2;\">\n\t\t\t\t\t\t<span class=\"e-n-tab-title-text\">\n\t\t\t\tTIM HORTONS M\u00c9XICO\t\t\t<\/span>\n\t\t<\/button>\n\t\t\t\t<button id=\"e-n-tab-title-2484165943\" data-tab-title-id=\"e-n-tab-title-2484165943\" class=\"e-n-tab-title\" aria-selected=\"false\" data-tab-index=\"3\" role=\"tab\" tabindex=\"-1\" aria-controls=\"e-n-tab-content-2484165943\" style=\"--n-tabs-title-order: 3;\">\n\t\t\t\t\t\t<span class=\"e-n-tab-title-text\">\n\t\t\t\tHOTEL MARQUIS REFORMA CDMX\t\t\t<\/span>\n\t\t<\/button>\n\t\t\t\t<button id=\"e-n-tab-title-2484165944\" data-tab-title-id=\"e-n-tab-title-2484165944\" class=\"e-n-tab-title\" aria-selected=\"false\" data-tab-index=\"4\" role=\"tab\" tabindex=\"-1\" aria-controls=\"e-n-tab-content-2484165944\" style=\"--n-tabs-title-order: 4;\">\n\t\t\t\t\t\t<span class=\"e-n-tab-title-text\">\n\t\t\t\tHOTEL H\u00c9RCULES \t\t\t<\/span>\n\t\t<\/button>\n\t\t\t\t<button id=\"e-n-tab-title-2484165945\" data-tab-title-id=\"e-n-tab-title-2484165945\" class=\"e-n-tab-title\" aria-selected=\"false\" data-tab-index=\"5\" role=\"tab\" tabindex=\"-1\" aria-controls=\"e-n-tab-content-2484165945\" style=\"--n-tabs-title-order: 5;\">\n\t\t\t\t\t\t<span class=\"e-n-tab-title-text\">\n\t\t\t\tPSI Espacio - Productividad y salud mental\t\t\t<\/span>\n\t\t<\/button>\n\t\t\t\t<button id=\"e-n-tab-title-2484165946\" data-tab-title-id=\"e-n-tab-title-2484165946\" class=\"e-n-tab-title\" aria-selected=\"false\" data-tab-index=\"6\" role=\"tab\" tabindex=\"-1\" aria-controls=\"e-n-tab-content-2484165946\" style=\"--n-tabs-title-order: 6;\">\n\t\t\t\t\t\t<span class=\"e-n-tab-title-text\">\n\t\t\t\tSal\u00f3n de Eventos - Entrelago\t\t\t<\/span>\n\t\t<\/button>\n\t\t\t\t<button id=\"e-n-tab-title-2484165947\" data-tab-title-id=\"e-n-tab-title-2484165947\" class=\"e-n-tab-title\" aria-selected=\"false\" data-tab-index=\"7\" role=\"tab\" tabindex=\"-1\" aria-controls=\"e-n-tab-content-2484165947\" style=\"--n-tabs-title-order: 7;\">\n\t\t\t\t\t\t<span class=\"e-n-tab-title-text\">\n\t\t\t\tHacienda \u00c1lamos \t\t\t<\/span>\n\t\t<\/button>\n\t\t\t\t<button id=\"e-n-tab-title-2484165948\" data-tab-title-id=\"e-n-tab-title-2484165948\" class=\"e-n-tab-title\" aria-selected=\"false\" data-tab-index=\"8\" role=\"tab\" tabindex=\"-1\" aria-controls=\"e-n-tab-content-2484165948\" style=\"--n-tabs-title-order: 8;\">\n\t\t\t\t\t\t<span class=\"e-n-tab-title-text\">\n\t\t\t\tHacienda Jurica by Brisas\t\t\t<\/span>\n\t\t<\/button>\n\t\t\t\t<button id=\"e-n-tab-title-2484165949\" data-tab-title-id=\"e-n-tab-title-2484165949\" class=\"e-n-tab-title\" aria-selected=\"false\" data-tab-index=\"9\" role=\"tab\" tabindex=\"-1\" aria-controls=\"e-n-tab-content-2484165949\" style=\"--n-tabs-title-order: 9;\">\n\t\t\t\t\t\t<span class=\"e-n-tab-title-text\">\n\t\t\t\tHyatt Regency Andares Guadalajara\t\t\t<\/span>\n\t\t<\/button>\n\t\t\t\t\t<\/div>\n\t\t\t<div class=\"e-n-tabs-content\">\n\t\t\t\t<div id=\"e-n-tab-content-2484165941\" role=\"tabpanel\" aria-labelledby=\"e-n-tab-title-2484165941\" data-tab-index=\"1\" style=\"--n-tabs-title-order: 1;\" class=\"e-active elementor-element elementor-element-34b5695 e-con-full e-flex e-con e-child\" data-id=\"34b5695\" data-element_type=\"container\" data-e-type=\"container\">\n\t\t<div class=\"elementor-element elementor-element-23e4a3c e-con-full e-flex e-con e-child\" data-id=\"23e4a3c\" data-element_type=\"container\" data-e-type=\"container\">\n\t\t<div class=\"elementor-element elementor-element-936c200 e-con-full e-flex e-con e-child\" data-id=\"936c200\" data-element_type=\"container\" data-e-type=\"container\">\n\t\t\t\t<div class=\"elementor-element elementor-element-d8399bf elementor-widget elementor-widget-image\" data-id=\"d8399bf\" data-element_type=\"widget\" data-e-type=\"widget\" data-widget_type=\"image.default\">\n\t\t\t\t\t\t\t\t\t\t\t\t\t\t\t<img fetchpriority=\"high\" decoding=\"async\" width=\"768\" height=\"768\" src=\"https:\/\/canchammx.com\/wp-content\/uploads\/CanCham-AirCanada.jpeg\" class=\"attachment-medium_large size-medium_large wp-image-561\" alt=\"\" \/>\t\t\t\t\t\t\t\t\t\t\t\t\t\t\t<\/div>\n\t\t\t\t<\/div>\n\t\t\t\t<div class=\"elementor-element elementor-element-225e59e elementor-widget elementor-widget-text-editor\" data-id=\"225e59e\" data-element_type=\"widget\" data-e-type=\"widget\" data-widget_type=\"text-editor.default\">\n\t\t\t\t\t\t\t\t\t<p>Consulta los detalles del convenio corporativo para Socios CanCham en\u00a0<strong><a href=\"https:\/\/drive.google.com\/file\/d\/1LVvvRpq_AgvBN73VbPxcgxDNazi2h2hJ\/view\">este enlace<\/a><\/strong><\/p>\t\t\t\t\t\t\t\t<\/div>\n\t\t\t\t<\/div>\n\t\t\t\t<\/div>\n\t\t<div id=\"e-n-tab-content-2484165942\" role=\"tabpanel\" aria-labelledby=\"e-n-tab-title-2484165942\" data-tab-index=\"2\" style=\"--n-tabs-title-order: 2;\" class=\"elementor-element elementor-element-ee52426 e-con-full e-flex e-con e-child\" data-id=\"ee52426\" data-element_type=\"container\" data-e-type=\"container\">\n\t\t<div class=\"elementor-element elementor-element-72a2e4d e-con-full e-flex e-con e-child\" data-id=\"72a2e4d\" data-element_type=\"container\" data-e-type=\"container\">\n\t\t<div class=\"elementor-element elementor-element-7115bdc e-con-full e-flex e-con e-child\" data-id=\"7115bdc\" data-element_type=\"container\" data-e-type=\"container\">\n\t\t\t\t<div class=\"elementor-element elementor-element-18c9e40 elementor-widget elementor-widget-image\" data-id=\"18c9e40\" data-element_type=\"widget\" data-e-type=\"widget\" data-widget_type=\"image.default\">\n\t\t\t\t\t\t\t\t\t\t\t\t\t\t\t<img decoding=\"async\" width=\"768\" height=\"1203\" src=\"https:\/\/canchammx.com\/wp-content\/uploads\/754.jpeg\" class=\"attachment-medium_large size-medium_large wp-image-640\" alt=\"\" \/>\t\t\t\t\t\t\t\t\t\t\t\t\t\t\t<\/div>\n\t\t\t\t<\/div>\n\t\t\t\t<div class=\"elementor-element elementor-element-a28da92 elementor-widget elementor-widget-heading\" data-id=\"a28da92\" data-element_type=\"widget\" data-e-type=\"widget\" data-widget_type=\"heading.default\">\n\t\t\t\t\t<h2 class=\"elementor-heading-title elementor-size-default\">https:\/\/timhortonsmx.com\/es\/index.html <\/h2>\t\t\t\t<\/div>\n\t\t\t\t<\/div>\n\t\t\t\t<\/div>\n\t\t<div id=\"e-n-tab-content-2484165943\" role=\"tabpanel\" aria-labelledby=\"e-n-tab-title-2484165943\" data-tab-index=\"3\" style=\"--n-tabs-title-order: 3;\" class=\"elementor-element elementor-element-dc53b20 e-con-full e-flex e-con e-child\" data-id=\"dc53b20\" data-element_type=\"container\" data-e-type=\"container\">\n\t\t<div class=\"elementor-element elementor-element-f0e5537 e-con-full e-flex e-con e-child\" data-id=\"f0e5537\" data-element_type=\"container\" data-e-type=\"container\">\n\t\t<div class=\"elementor-element elementor-element-df6a3ca e-con-full e-flex e-con e-child\" data-id=\"df6a3ca\" data-element_type=\"container\" data-e-type=\"container\">\n\t\t\t\t<div class=\"elementor-element elementor-element-4cf3fc3 elementor-widget elementor-widget-text-editor\" data-id=\"4cf3fc3\" data-element_type=\"widget\" data-e-type=\"widget\" data-widget_type=\"text-editor.default\">\n\t\t\t\t\t\t\t\t\t<p>The Hotel Marquis Reforma, a member of our Chamber, is offering special rates as a demonstration of its commitment to our business community. Take advantage of this opportunity to enjoy a first-class lodging experience at preferential prices.<\/p>\t\t\t\t\t\t\t\t<\/div>\n\t\t\t\t<div class=\"elementor-element elementor-element-bead2fc elementor-widget elementor-widget-image\" data-id=\"bead2fc\" data-element_type=\"widget\" data-e-type=\"widget\" data-widget_type=\"image.default\">\n\t\t\t\t\t\t\t\t\t\t\t\t\t\t\t<img decoding=\"async\" width=\"1744\" height=\"568\" src=\"https:\/\/canchammx.com\/wp-content\/uploads\/777.png\" class=\"attachment-large size-large wp-image-645\" alt=\"\" \/>\t\t\t\t\t\t\t\t\t\t\t\t\t\t\t<\/div>\n\t\t\t\t<div class=\"elementor-element elementor-element-290652b elementor-widget elementor-widget-text-editor\" data-id=\"290652b\" data-element_type=\"widget\" data-e-type=\"widget\" data-widget_type=\"text-editor.default\">\n\t\t\t\t\t\t\t\t\t<p><em><img decoding=\"async\" src=\"https:\/\/www.marquisreforma.com\/\" alt=\"\" \/>*Rates valid from January 1st to December 31st, 2025*<\/em><\/p><p>For details on rates and rooms, please see the following\u00a0<strong><a href=\"https:\/\/drive.google.com\/file\/d\/1v534K2Vx5SNZIU77ZqfIo3_vvnLTBD3f\/view?usp=sharing\">Link<\/a><\/strong><\/p><p>To proceed with the reservation, please contact Ana Laura Rodr\u00edguez.\u00a0<a href=\"mailto:alrodriguez@marquisreforma.com\">alrodriguez@marquisreforma.com<\/a>\u00a0|\u00a0T.\u00a0<a href=\"tel:+525552291200,4264\">+52 (55) 5229 1200 Ext. 4264<\/a><\/p>\t\t\t\t\t\t\t\t<\/div>\n\t\t\t\t<\/div>\n\t\t\t\t<\/div>\n\t\t\t\t<\/div>\n\t\t<div id=\"e-n-tab-content-2484165944\" role=\"tabpanel\" aria-labelledby=\"e-n-tab-title-2484165944\" data-tab-index=\"4\" style=\"--n-tabs-title-order: 4;\" class=\"elementor-element elementor-element-fe58467 e-flex e-con-boxed e-con e-child\" data-id=\"fe58467\" data-element_type=\"container\" data-e-type=\"container\">\n\t\t\t\t\t<div class=\"e-con-inner\">\n\t\t<div class=\"elementor-element elementor-element-1db737c e-con-full e-flex e-con e-child\" data-id=\"1db737c\" data-element_type=\"container\" data-e-type=\"container\">\n\t\t\t\t<div class=\"elementor-element elementor-element-965795c elementor-widget elementor-widget-image\" data-id=\"965795c\" data-element_type=\"widget\" data-e-type=\"widget\" data-widget_type=\"image.default\">\n\t\t\t\t\t\t\t\t\t\t\t\t\t\t\t<img loading=\"lazy\" decoding=\"async\" width=\"768\" height=\"767\" src=\"https:\/\/canchammx.com\/wp-content\/uploads\/588.jpeg\" class=\"attachment-medium_large size-medium_large wp-image-649\" alt=\"\" \/>\t\t\t\t\t\t\t\t\t\t\t\t\t\t\t<\/div>\n\t\t\t\t<\/div>\n\t\t\t\t\t<\/div>\n\t\t\t\t<\/div>\n\t\t<div id=\"e-n-tab-content-2484165945\" role=\"tabpanel\" aria-labelledby=\"e-n-tab-title-2484165945\" data-tab-index=\"5\" style=\"--n-tabs-title-order: 5;\" class=\"elementor-element elementor-element-851c179 e-flex e-con-boxed e-con e-child\" data-id=\"851c179\" data-element_type=\"container\" data-e-type=\"container\">\n\t\t\t\t\t<div class=\"e-con-inner\">\n\t\t<div class=\"elementor-element elementor-element-51b0c0a e-con-full e-flex e-con e-child\" data-id=\"51b0c0a\" data-element_type=\"container\" data-e-type=\"container\">\n\t\t\t\t<div class=\"elementor-element elementor-element-37170fd elementor-widget elementor-widget-image\" data-id=\"37170fd\" data-element_type=\"widget\" data-e-type=\"widget\" data-widget_type=\"image.default\">\n\t\t\t\t\t\t\t\t\t\t\t\t\t\t\t<img loading=\"lazy\" decoding=\"async\" width=\"1236\" height=\"1600\" src=\"https:\/\/canchammx.com\/wp-content\/uploads\/876.jpeg\" class=\"attachment-large size-large wp-image-650\" alt=\"\" \/>\t\t\t\t\t\t\t\t\t\t\t\t\t\t\t<\/div>\n\t\t\t\t<\/div>\n\t\t\t\t\t<\/div>\n\t\t\t\t<\/div>\n\t\t<div id=\"e-n-tab-content-2484165946\" role=\"tabpanel\" aria-labelledby=\"e-n-tab-title-2484165946\" data-tab-index=\"6\" style=\"--n-tabs-title-order: 6;\" class=\"elementor-element elementor-element-14efb20 e-flex e-con-boxed e-con e-child\" data-id=\"14efb20\" data-element_type=\"container\" data-e-type=\"container\">\n\t\t\t\t\t<div class=\"e-con-inner\">\n\t\t<div class=\"elementor-element elementor-element-e70e2a1 e-con-full e-flex e-con e-child\" data-id=\"e70e2a1\" data-element_type=\"container\" data-e-type=\"container\">\n\t\t\t\t<div class=\"elementor-element elementor-element-2f61c4e elementor-widget elementor-widget-image\" data-id=\"2f61c4e\" data-element_type=\"widget\" data-e-type=\"widget\" data-widget_type=\"image.default\">\n\t\t\t\t\t\t\t\t\t\t\t\t\t\t\t<img loading=\"lazy\" decoding=\"async\" width=\"989\" height=\"1280\" src=\"https:\/\/canchammx.com\/wp-content\/uploads\/877.jpeg\" class=\"attachment-large size-large wp-image-654\" alt=\"\" \/>\t\t\t\t\t\t\t\t\t\t\t\t\t\t\t<\/div>\n\t\t\t\t<\/div>\n\t\t\t\t\t<\/div>\n\t\t\t\t<\/div>\n\t\t<div id=\"e-n-tab-content-2484165947\" role=\"tabpanel\" aria-labelledby=\"e-n-tab-title-2484165947\" data-tab-index=\"7\" style=\"--n-tabs-title-order: 7;\" class=\"elementor-element elementor-element-54c538e e-flex e-con-boxed e-con e-child\" data-id=\"54c538e\" data-element_type=\"container\" data-e-type=\"container\">\n\t\t\t\t\t<div class=\"e-con-inner\">\n\t\t<div class=\"elementor-element elementor-element-4af5cfe e-con-full e-flex e-con e-child\" data-id=\"4af5cfe\" data-element_type=\"container\" data-e-type=\"container\">\n\t\t\t\t<div class=\"elementor-element elementor-element-292a409 elementor-widget elementor-widget-image\" data-id=\"292a409\" data-element_type=\"widget\" data-e-type=\"widget\" data-widget_type=\"image.default\">\n\t\t\t\t\t\t\t\t\t\t\t\t\t\t\t<img loading=\"lazy\" decoding=\"async\" width=\"1080\" height=\"1080\" src=\"https:\/\/canchammx.com\/wp-content\/uploads\/878.jpeg\" class=\"attachment-large size-large wp-image-658\" alt=\"\" \/>\t\t\t\t\t\t\t\t\t\t\t\t\t\t\t<\/div>\n\t\t\t\t<\/div>\n\t\t\t\t\t<\/div>\n\t\t\t\t<\/div>\n\t\t<div id=\"e-n-tab-content-2484165948\" role=\"tabpanel\" aria-labelledby=\"e-n-tab-title-2484165948\" data-tab-index=\"8\" style=\"--n-tabs-title-order: 8;\" class=\"elementor-element elementor-element-25d92ba e-flex e-con-boxed e-con e-child\" data-id=\"25d92ba\" data-element_type=\"container\" data-e-type=\"container\">\n\t\t\t\t\t<div class=\"e-con-inner\">\n\t\t<div class=\"elementor-element elementor-element-38478d2 e-con-full e-flex e-con e-child\" data-id=\"38478d2\" data-element_type=\"container\" data-e-type=\"container\">\n\t\t\t\t<div class=\"elementor-element elementor-element-16edd67 elementor-widget elementor-widget-image\" data-id=\"16edd67\" data-element_type=\"widget\" data-e-type=\"widget\" data-widget_type=\"image.default\">\n\t\t\t\t\t\t\t\t\t\t\t\t\t\t\t<img loading=\"lazy\" decoding=\"async\" width=\"1216\" height=\"1600\" src=\"https:\/\/canchammx.com\/wp-content\/uploads\/880.jpeg\" class=\"attachment-large size-large wp-image-659\" alt=\"\" \/>\t\t\t\t\t\t\t\t\t\t\t\t\t\t\t<\/div>\n\t\t\t\t<\/div>\n\t\t\t\t\t<\/div>\n\t\t\t\t<\/div>\n\t\t<div id=\"e-n-tab-content-2484165949\" role=\"tabpanel\" aria-labelledby=\"e-n-tab-title-2484165949\" data-tab-index=\"9\" style=\"--n-tabs-title-order: 9;\" class=\"elementor-element elementor-element-6c1c41d e-flex e-con-boxed e-con e-child\" data-id=\"6c1c41d\" data-element_type=\"container\" data-e-type=\"container\">\n\t\t\t\t\t<div class=\"e-con-inner\">\n\t\t<div class=\"elementor-element elementor-element-184e5ba e-con-full e-flex e-con e-child\" data-id=\"184e5ba\" data-element_type=\"container\" data-e-type=\"container\">\n\t\t\t\t<div class=\"elementor-element elementor-element-a1c896f elementor-widget elementor-widget-image\" data-id=\"a1c896f\" data-element_type=\"widget\" data-e-type=\"widget\" data-widget_type=\"image.default\">\n\t\t\t\t\t\t\t\t\t\t\t\t\t\t\t<img loading=\"lazy\" decoding=\"async\" width=\"729\" height=\"946\" src=\"https:\/\/canchammx.com\/wp-content\/uploads\/881.jpeg\" class=\"attachment-large size-large wp-image-663\" alt=\"\" \/>\t\t\t\t\t\t\t\t\t\t\t\t\t\t\t<\/div>\n\t\t\t\t<\/div>\n\t\t\t\t\t<\/div>\n\t\t\t\t<\/div>\n\t\t\t\t\t<\/div>\n\t\t<\/div>\n\t\t\t\t\t\t<\/div>\n\t\t\t\t\t<\/div>\n\t\t\t\t<\/div>\n\t\t\t\t<\/div>\n\t\t\t\t<\/div>","protected":false},"excerpt":{"rendered":"<p>Convenios Convenios &nbsp; La C\u00e1mara de Comercio de Canad\u00e1 en M\u00e9xico est\u00e1 en una constante b\u00fasqueda de mejorar los servicios y ofrecer un valor agregado a sus socios. Por\u00a0esta raz\u00f3n nos complace compartirles los convenios y descuentos que se encuentran vigentes. \u00a0Los convenios que tiene CanCham con nuestros Socios: Air Canada M\u00e9xico Tim Hortons Ciudad [&hellip;]<\/p>","protected":false},"author":1,"featured_media":0,"parent":0,"menu_order":0,"comment_status":"closed","ping_status":"closed","template":"","meta":{"footnotes":""},"class_list":["post-177","page","type-page","status-publish","hentry"],"_links":{"self":[{"href":"https:\/\/canchammx.com\/en\/wp-json\/wp\/v2\/pages\/177","targetHints":{"allow":["GET"]}}],"collection":[{"href":"https:\/\/canchammx.com\/en\/wp-json\/wp\/v2\/pages"}],"about":[{"href":"https:\/\/canchammx.com\/en\/wp-json\/wp\/v2\/types\/page"}],"author":[{"embeddable":true,"href":"https:\/\/canchammx.com\/en\/wp-json\/wp\/v2\/users\/1"}],"replies":[{"embeddable":true,"href":"https:\/\/canchammx.com\/en\/wp-json\/wp\/v2\/comments?post=177"}],"version-history":[{"count":34,"href":"https:\/\/canchammx.com\/en\/wp-json\/wp\/v2\/pages\/177\/revisions"}],"predecessor-version":[{"id":666,"href":"https:\/\/canchammx.com\/en\/wp-json\/wp\/v2\/pages\/177\/revisions\/666"}],"wp:attachment":[{"href":"https:\/\/canchammx.com\/en\/wp-json\/wp\/v2\/media?parent=177"}],"curies":[{"name":"wp","href":"https:\/\/api.w.org\/{rel}","templated":true}]}}